{"id":378,"date":"2022-03-08T09:26:38","date_gmt":"2022-03-08T08:26:38","guid":{"rendered":"http:\/\/borinmachineknives.se\/?page_id=378"},"modified":"2022-09-29T12:22:11","modified_gmt":"2022-09-29T10:22:11","slug":"stansar","status":"publish","type":"page","link":"https:\/\/borinmachineknives.se\/pl\/stansar\/","title":{"rendered":"Stansar"},"content":{"rendered":"<div data-elementor-type=\"wp-page\" data-elementor-id=\"378\" class=\"elementor elementor-378\" data-elementor-post-type=\"page\">\n\t\t\t\t\t\t<section class=\"elementor-section elementor-top-section elementor-element elementor-element-38e75023 elementor-section-boxed elementor-section-height-default elementor-section-height-default\" data-id=\"38e75023\" data-element_type=\"section\" data-e-type=\"section\" data-settings=\"{&quot;background_background&quot;:&quot;classic&quot;}\">\n\t\t\t\t\t\t\t<div class=\"elementor-background-overlay\"><\/div>\n\t\t\t\t\t\t\t<div class=\"elementor-container elementor-column-gap-default\">\n\t\t\t\t\t<div class=\"elementor-column elementor-col-100 elementor-top-column elementor-element elementor-element-3b031889\" data-id=\"3b031889\" data-element_type=\"column\" data-e-type=\"column\">\n\t\t\t<div class=\"elementor-widget-wrap elementor-element-populated\">\n\t\t\t\t\t\t<section class=\"elementor-section elementor-inner-section elementor-element elementor-element-dd240cb elementor-section-boxed elementor-section-height-default elementor-section-height-default\" data-id=\"dd240cb\" data-element_type=\"section\" data-e-type=\"section\">\n\t\t\t\t\t\t<div class=\"elementor-container elementor-column-gap-default\">\n\t\t\t\t\t<div class=\"elementor-column elementor-col-50 elementor-inner-column elementor-element elementor-element-6dc3f78a\" data-id=\"6dc3f78a\" data-element_type=\"column\" data-e-type=\"column\">\n\t\t\t<div class=\"elementor-widget-wrap elementor-element-populated\">\n\t\t\t\t\t\t<div class=\"elementor-element elementor-element-48cb34a8 elementor-widget elementor-widget-spacer\" data-id=\"48cb34a8\" data-element_type=\"widget\" data-e-type=\"widget\" data-widget_type=\"spacer.default\">\n\t\t\t\t<div class=\"elementor-widget-container\">\n\t\t\t\t\t\t\t<div class=\"elementor-spacer\">\n\t\t\t<div class=\"elementor-spacer-inner\"><\/div>\n\t\t<\/div>\n\t\t\t\t\t\t<\/div>\n\t\t\t\t<\/div>\n\t\t\t\t<div class=\"elementor-element elementor-element-4d41fc34 elementor-widget elementor-widget-heading\" data-id=\"4d41fc34\" data-element_type=\"widget\" data-e-type=\"widget\" data-widget_type=\"heading.default\">\n\t\t\t\t<div class=\"elementor-widget-container\">\n\t\t\t\t\t<h1 class=\"elementor-heading-title elementor-size-default\">Stansar<\/h1>\t\t\t\t<\/div>\n\t\t\t\t<\/div>\n\t\t\t\t<div class=\"elementor-element elementor-element-15700b5 elementor-widget elementor-widget-button\" data-id=\"15700b5\" data-element_type=\"widget\" data-e-type=\"widget\" data-widget_type=\"button.default\">\n\t\t\t\t<div class=\"elementor-widget-container\">\n\t\t\t\t\t\t\t\t\t<div class=\"elementor-button-wrapper\">\n\t\t\t\t\t<a class=\"elementor-button elementor-button-link elementor-size-sm\" href=\"http:\/\/borinmachineknives.se\/pl\/kontakta-oss\/\">\n\t\t\t\t\t\t<span class=\"elementor-button-content-wrapper\">\n\t\t\t\t\t\t\t\t\t<span class=\"elementor-button-text\">Kontakta oss<\/span>\n\t\t\t\t\t<\/span>\n\t\t\t\t\t<\/a>\n\t\t\t\t<\/div>\n\t\t\t\t\t\t\t\t<\/div>\n\t\t\t\t<\/div>\n\t\t\t\t<div class=\"elementor-element elementor-element-4415f5e2 elementor-widget elementor-widget-spacer\" data-id=\"4415f5e2\" data-element_type=\"widget\" data-e-type=\"widget\" data-widget_type=\"spacer.default\">\n\t\t\t\t<div class=\"elementor-widget-container\">\n\t\t\t\t\t\t\t<div class=\"elementor-spacer\">\n\t\t\t<div class=\"elementor-spacer-inner\"><\/div>\n\t\t<\/div>\n\t\t\t\t\t\t<\/div>\n\t\t\t\t<\/div>\n\t\t\t\t\t<\/div>\n\t\t<\/div>\n\t\t\t\t<div class=\"elementor-column elementor-col-50 elementor-inner-column elementor-element elementor-element-4901f799\" data-id=\"4901f799\" data-element_type=\"column\" data-e-type=\"column\">\n\t\t\t<div class=\"elementor-widget-wrap elementor-element-populated\">\n\t\t\t\t\t\t<div class=\"elementor-element elementor-element-79f421b elementor-widget elementor-widget-spacer\" data-id=\"79f421b\" data-element_type=\"widget\" data-e-type=\"widget\" data-widget_type=\"spacer.default\">\n\t\t\t\t<div class=\"elementor-widget-container\">\n\t\t\t\t\t\t\t<div class=\"elementor-spacer\">\n\t\t\t<div class=\"elementor-spacer-inner\"><\/div>\n\t\t<\/div>\n\t\t\t\t\t\t<\/div>\n\t\t\t\t<\/div>\n\t\t\t\t\t<\/div>\n\t\t<\/div>\n\t\t\t\t\t<\/div>\n\t\t<\/section>\n\t\t\t\t\t<\/div>\n\t\t<\/div>\n\t\t\t\t\t<\/div>\n\t\t<\/section>\n\t\t\t\t<section class=\"elementor-section elementor-top-section elementor-element elementor-element-496c03b4 elementor-section-boxed elementor-section-height-default elementor-section-height-default\" data-id=\"496c03b4\" data-element_type=\"section\" data-e-type=\"section\" data-settings=\"{&quot;background_background&quot;:&quot;classic&quot;}\">\n\t\t\t\t\t\t<div class=\"elementor-container elementor-column-gap-default\">\n\t\t\t\t\t<div class=\"elementor-column elementor-col-50 elementor-top-column elementor-element elementor-element-185e73f7\" data-id=\"185e73f7\" data-element_type=\"column\" data-e-type=\"column\">\n\t\t\t<div class=\"elementor-widget-wrap elementor-element-populated\">\n\t\t\t\t\t\t<div class=\"elementor-element elementor-element-11d74a7f elementor-widget elementor-widget-text-editor\" data-id=\"11d74a7f\" data-element_type=\"widget\" data-e-type=\"widget\" data-widget_type=\"text-editor.default\">\n\t\t\t\t<div class=\"elementor-widget-container\">\n\t\t\t\t\t\t\t\t\t<p>Vi levererar stansar av olika modeller till f\u00f6rpackningsmaskiner. Full star punches, half star punches, Europunches med flera.<\/p>\t\t\t\t\t\t\t\t<\/div>\n\t\t\t\t<\/div>\n\t\t\t\t\t<\/div>\n\t\t<\/div>\n\t\t\t\t<div class=\"elementor-column elementor-col-50 elementor-top-column elementor-element elementor-element-58ad96f1\" data-id=\"58ad96f1\" data-element_type=\"column\" data-e-type=\"column\">\n\t\t\t<div class=\"elementor-widget-wrap elementor-element-populated\">\n\t\t\t\t\t\t<div class=\"elementor-element elementor-element-50a2ef82 elementor-align-start elementor-icon-list--layout-traditional elementor-list-item-link-full_width elementor-widget elementor-widget-icon-list\" data-id=\"50a2ef82\" data-element_type=\"widget\" data-e-type=\"widget\" data-widget_type=\"icon-list.default\">\n\t\t\t\t<div class=\"elementor-widget-container\">\n\t\t\t\t\t\t\t<ul class=\"elementor-icon-list-items\">\n\t\t\t\t\t\t\t<li class=\"elementor-icon-list-item\">\n\t\t\t\t\t\t\t\t\t\t\t<span class=\"elementor-icon-list-icon\">\n\t\t\t\t\t\t\t<i aria-hidden=\"true\" class=\"fas fa-check-circle\"><\/i>\t\t\t\t\t\t<\/span>\n\t\t\t\t\t\t\t\t\t\t<span class=\"elementor-icon-list-text\">Varierande typer av stansar till processindustrin<\/span>\n\t\t\t\t\t\t\t\t\t<\/li>\n\t\t\t\t\t\t\t\t<li class=\"elementor-icon-list-item\">\n\t\t\t\t\t\t\t\t\t\t\t<span class=\"elementor-icon-list-icon\">\n\t\t\t\t\t\t\t<i aria-hidden=\"true\" class=\"fas fa-check-circle\"><\/i>\t\t\t\t\t\t<\/span>\n\t\t\t\t\t\t\t\t\t\t<span class=\"elementor-icon-list-text\">\u00d6ver 40 \u00e5rs erfarenhet<\/span>\n\t\t\t\t\t\t\t\t\t<\/li>\n\t\t\t\t\t\t\t\t<li class=\"elementor-icon-list-item\">\n\t\t\t\t\t\t\t\t\t\t\t<span class=\"elementor-icon-list-icon\">\n\t\t\t\t\t\t\t<i aria-hidden=\"true\" class=\"fas fa-check-circle\"><\/i>\t\t\t\t\t\t<\/span>\n\t\t\t\t\t\t\t\t\t\t<span class=\"elementor-icon-list-text\">H\u00f6gkvalitativa material f\u00f6r l\u00e5ng h\u00e5llbarhet och optimal funktion<\/span>\n\t\t\t\t\t\t\t\t\t<\/li>\n\t\t\t\t\t\t<\/ul>\n\t\t\t\t\t\t<\/div>\n\t\t\t\t<\/div>\n\t\t\t\t\t<\/div>\n\t\t<\/div>\n\t\t\t\t\t<\/div>\n\t\t<\/section>\n\t\t\t\t<section class=\"elementor-section elementor-top-section elementor-element elementor-element-4018565 elementor-section-boxed elementor-section-height-default elementor-section-height-default\" data-id=\"4018565\" data-element_type=\"section\" data-e-type=\"section\">\n\t\t\t\t\t\t<div class=\"elementor-container elementor-column-gap-default\">\n\t\t\t\t\t<div class=\"elementor-column elementor-col-33 elementor-top-column elementor-element elementor-element-1602828\" data-id=\"1602828\" data-element_type=\"column\" data-e-type=\"column\">\n\t\t\t<div class=\"elementor-widget-wrap elementor-element-populated\">\n\t\t\t\t\t\t<div class=\"elementor-element elementor-element-4cc5223 elementor-widget elementor-widget-image\" data-id=\"4cc5223\" data-element_type=\"widget\" data-e-type=\"widget\" data-widget_type=\"image.default\">\n\t\t\t\t<div class=\"elementor-widget-container\">\n\t\t\t\t\t\t\t\t\t\t\t\t\t\t\t<img fetchpriority=\"high\" decoding=\"async\" width=\"300\" height=\"300\" src=\"https:\/\/borinmachineknives.se\/wp-content\/uploads\/2022\/03\/full-star-p-300x300.jpg\" class=\"attachment-medium size-medium wp-image-380\" alt=\"\" srcset=\"https:\/\/borinmachineknives.se\/wp-content\/uploads\/2022\/03\/full-star-p-300x300.jpg 300w, https:\/\/borinmachineknives.se\/wp-content\/uploads\/2022\/03\/full-star-p-1024x1024.jpg 1024w, https:\/\/borinmachineknives.se\/wp-content\/uploads\/2022\/03\/full-star-p-150x150.jpg 150w, https:\/\/borinmachineknives.se\/wp-content\/uploads\/2022\/03\/full-star-p-768x768.jpg 768w, https:\/\/borinmachineknives.se\/wp-content\/uploads\/2022\/03\/full-star-p-1536x1536.jpg 1536w, https:\/\/borinmachineknives.se\/wp-content\/uploads\/2022\/03\/full-star-p.jpg 2000w\" sizes=\"(max-width: 300px) 100vw, 300px\" \/>\t\t\t\t\t\t\t\t\t\t\t\t\t\t\t<\/div>\n\t\t\t\t<\/div>\n\t\t\t\t\t<\/div>\n\t\t<\/div>\n\t\t\t\t<div class=\"elementor-column elementor-col-33 elementor-top-column elementor-element elementor-element-3e8aef6\" data-id=\"3e8aef6\" data-element_type=\"column\" data-e-type=\"column\">\n\t\t\t<div class=\"elementor-widget-wrap elementor-element-populated\">\n\t\t\t\t\t\t<div class=\"elementor-element elementor-element-b3e54fc elementor-widget elementor-widget-image\" data-id=\"b3e54fc\" data-element_type=\"widget\" data-e-type=\"widget\" data-widget_type=\"image.default\">\n\t\t\t\t<div class=\"elementor-widget-container\">\n\t\t\t\t\t\t\t\t\t\t\t\t\t\t\t<img decoding=\"async\" width=\"300\" height=\"300\" src=\"https:\/\/borinmachineknives.se\/wp-content\/uploads\/2022\/04\/sagtandad-punsh-plast-folie-forpackning-300x300.png\" class=\"attachment-medium size-medium wp-image-816\" alt=\"\" srcset=\"https:\/\/borinmachineknives.se\/wp-content\/uploads\/2022\/04\/sagtandad-punsh-plast-folie-forpackning-300x300.png 300w, https:\/\/borinmachineknives.se\/wp-content\/uploads\/2022\/04\/sagtandad-punsh-plast-folie-forpackning-150x150.png 150w, https:\/\/borinmachineknives.se\/wp-content\/uploads\/2022\/04\/sagtandad-punsh-plast-folie-forpackning.png 600w\" sizes=\"(max-width: 300px) 100vw, 300px\" \/>\t\t\t\t\t\t\t\t\t\t\t\t\t\t\t<\/div>\n\t\t\t\t<\/div>\n\t\t\t\t\t<\/div>\n\t\t<\/div>\n\t\t\t\t<div class=\"elementor-column elementor-col-33 elementor-top-column elementor-element elementor-element-e40dbbd\" data-id=\"e40dbbd\" data-element_type=\"column\" data-e-type=\"column\">\n\t\t\t<div class=\"elementor-widget-wrap elementor-element-populated\">\n\t\t\t\t\t\t<div class=\"elementor-element elementor-element-2890881 elementor-widget elementor-widget-image\" data-id=\"2890881\" data-element_type=\"widget\" data-e-type=\"widget\" data-widget_type=\"image.default\">\n\t\t\t\t<div class=\"elementor-widget-container\">\n\t\t\t\t\t\t\t\t\t\t\t\t\t\t\t<img decoding=\"async\" width=\"300\" height=\"300\" src=\"https:\/\/borinmachineknives.se\/wp-content\/uploads\/2022\/04\/borins_produktbild_42-300x300.jpg\" class=\"attachment-medium size-medium wp-image-885\" alt=\"\" srcset=\"https:\/\/borinmachineknives.se\/wp-content\/uploads\/2022\/04\/borins_produktbild_42-300x300.jpg 300w, https:\/\/borinmachineknives.se\/wp-content\/uploads\/2022\/04\/borins_produktbild_42-1024x1024.jpg 1024w, https:\/\/borinmachineknives.se\/wp-content\/uploads\/2022\/04\/borins_produktbild_42-150x150.jpg 150w, https:\/\/borinmachineknives.se\/wp-content\/uploads\/2022\/04\/borins_produktbild_42-768x768.jpg 768w, https:\/\/borinmachineknives.se\/wp-content\/uploads\/2022\/04\/borins_produktbild_42-1536x1536.jpg 1536w, https:\/\/borinmachineknives.se\/wp-content\/uploads\/2022\/04\/borins_produktbild_42.jpg 2000w\" sizes=\"(max-width: 300px) 100vw, 300px\" \/>\t\t\t\t\t\t\t\t\t\t\t\t\t\t\t<\/div>\n\t\t\t\t<\/div>\n\t\t\t\t\t<\/div>\n\t\t<\/div>\n\t\t\t\t\t<\/div>\n\t\t<\/section>\n\t\t\t\t<section class=\"elementor-section elementor-top-section elementor-element elementor-element-6b3f4cfc elementor-section-boxed elementor-section-height-default elementor-section-height-default\" data-id=\"6b3f4cfc\" data-element_type=\"section\" data-e-type=\"section\" data-settings=\"{&quot;background_background&quot;:&quot;classic&quot;}\">\n\t\t\t\t\t\t<div class=\"elementor-container elementor-column-gap-default\">\n\t\t\t\t\t<div class=\"elementor-column elementor-col-50 elementor-top-column elementor-element elementor-element-43f6ba90\" data-id=\"43f6ba90\" data-element_type=\"column\" data-e-type=\"column\">\n\t\t\t<div class=\"elementor-widget-wrap elementor-element-populated\">\n\t\t\t\t\t\t<div class=\"elementor-element elementor-element-5524a047 elementor-widget elementor-widget-heading\" data-id=\"5524a047\" data-element_type=\"widget\" data-e-type=\"widget\" data-widget_type=\"heading.default\">\n\t\t\t\t<div class=\"elementor-widget-container\">\n\t\t\t\t\t<p class=\"elementor-heading-title elementor-size-default\">V\u00e4lkommen med er f\u00f6rfr\u00e5gan eller best\u00e4llning!<\/p>\t\t\t\t<\/div>\n\t\t\t\t<\/div>\n\t\t\t\t<div class=\"elementor-element elementor-element-dc738e2 elementor-widget elementor-widget-text-editor\" data-id=\"dc738e2\" data-element_type=\"widget\" data-e-type=\"widget\" data-widget_type=\"text-editor.default\">\n\t\t\t\t<div class=\"elementor-widget-container\">\n\t\t\t\t\t\t\t\t\t<p>Tveka inte att h\u00f6ra av er till oss s\u00e5 hj\u00e4lper vi er med stort och sm\u00e5tt. Vi tar fram r\u00e4tt kniv med hj\u00e4lp av er ritning, prov eller om ni har artikelnummer p\u00e5 en existerande kniv eller h\u00e5llare. Beh\u00f6ver ni bes\u00f6k till er verksamhet f\u00f6r att se \u00f6ver behovet av\u00a0 maskinknivar kommer vi g\u00e4rna ut till er.<\/p>\t\t\t\t\t\t\t\t<\/div>\n\t\t\t\t<\/div>\n\t\t\t\t<div class=\"elementor-element elementor-element-1b5391a elementor-widget elementor-widget-text-editor\" data-id=\"1b5391a\" data-element_type=\"widget\" data-e-type=\"widget\" data-widget_type=\"text-editor.default\">\n\t\t\t\t<div class=\"elementor-widget-container\">\n\t\t\t\t\t\t\t\t\t<p>Kika g\u00e4rna in v\u00e5ra andra hemsidor <strong><a href=\"https:\/\/www.borin.se\/\">Borin.se<\/a><\/strong> och <strong><a href=\"https:\/\/sakerhetsknivar.se\/\">sakerhetsknivar.se<\/a><\/strong><\/p>\t\t\t\t\t\t\t\t<\/div>\n\t\t\t\t<\/div>\n\t\t\t\t\t<\/div>\n\t\t<\/div>\n\t\t\t\t<div class=\"elementor-column elementor-col-50 elementor-top-column elementor-element elementor-element-15133666\" data-id=\"15133666\" data-element_type=\"column\" data-e-type=\"column\">\n\t\t\t<div class=\"elementor-widget-wrap elementor-element-populated\">\n\t\t\t\t\t\t<div class=\"elementor-element elementor-element-161082cf elementor-widget elementor-widget-spacer\" data-id=\"161082cf\" data-element_type=\"widget\" data-e-type=\"widget\" data-widget_type=\"spacer.default\">\n\t\t\t\t<div class=\"elementor-widget-container\">\n\t\t\t\t\t\t\t<div class=\"elementor-spacer\">\n\t\t\t<div class=\"elementor-spacer-inner\"><\/div>\n\t\t<\/div>\n\t\t\t\t\t\t<\/div>\n\t\t\t\t<\/div>\n\t\t\t\t<div class=\"elementor-element elementor-element-75c6ae27 elementor-widget elementor-widget-button\" data-id=\"75c6ae27\" data-element_type=\"widget\" data-e-type=\"widget\" data-widget_type=\"button.default\">\n\t\t\t\t<div class=\"elementor-widget-container\">\n\t\t\t\t\t\t\t\t\t<div class=\"elementor-button-wrapper\">\n\t\t\t\t\t<a class=\"elementor-button elementor-button-link elementor-size-sm\" href=\"http:\/\/borinmachineknives.se\/pl\/kontakta-oss\/\">\n\t\t\t\t\t\t<span class=\"elementor-button-content-wrapper\">\n\t\t\t\t\t\t\t\t\t<span class=\"elementor-button-text\">Kontakta oss!<\/span>\n\t\t\t\t\t<\/span>\n\t\t\t\t\t<\/a>\n\t\t\t\t<\/div>\n\t\t\t\t\t\t\t\t<\/div>\n\t\t\t\t<\/div>\n\t\t\t\t\t<\/div>\n\t\t<\/div>\n\t\t\t\t\t<\/div>\n\t\t<\/section>\n\t\t\t\t<\/div>","protected":false},"excerpt":{"rendered":"<p>Stansar Kontakta oss Vi levererar stansar av olika modeller till f\u00f6rpackningsmaskiner. Full star punches, half star punches, Europunches med flera. Varierande typer av stansar till processindustrin \u00d6ver 40 \u00e5rs erfarenhet H\u00f6gkvalitativa material f\u00f6r l\u00e5ng h\u00e5llbarhet och optimal funktion V\u00e4lkommen med er f\u00f6rfr\u00e5gan eller best\u00e4llning! Tveka inte att h\u00f6ra av er till oss s\u00e5 hj\u00e4lper vi&hellip;&nbsp;<\/p>","protected":false},"author":1,"featured_media":2214,"parent":0,"menu_order":0,"comment_status":"closed","ping_status":"closed","template":"elementor_header_footer","meta":{"_monsterinsights_skip_tracking":false,"_monsterinsights_sitenote_active":false,"_monsterinsights_sitenote_note":"","_monsterinsights_sitenote_category":0,"neve_meta_sidebar":"","neve_meta_container":"","neve_meta_enable_content_width":"","neve_meta_content_width":0,"neve_meta_title_alignment":"","neve_meta_author_avatar":"","neve_post_elements_order":"","neve_meta_disable_header":"","neve_meta_disable_footer":"","neve_meta_disable_title":"","footnotes":""},"class_list":["post-378","page","type-page","status-publish","has-post-thumbnail","hentry"],"yoast_head":"<!-- This site is optimized with the Yoast SEO plugin v27.6 - https:\/\/yoast.com\/product\/yoast-seo-wordpress\/ -->\n<title>Stansar - Borinmachineknives<\/title>\n<meta name=\"description\" content=\"Stansar - Vi levererar stansar av olika modeller till f\u00f6rpackningsmaskiner. Full star punches, half star punches, Europunches med flera.\" \/>\n<meta name=\"robots\" content=\"index, follow, max-snippet:-1, max-image-preview:large, max-video-preview:-1\" \/>\n<link rel=\"canonical\" href=\"https:\/\/borinmachineknives.se\/pl\/stansar\/\" \/>\n<meta property=\"og:locale\" content=\"pl_PL\" \/>\n<meta property=\"og:type\" content=\"article\" \/>\n<meta property=\"og:title\" content=\"Stansar - Borinmachineknives\" \/>\n<meta property=\"og:description\" content=\"Stansar - Vi levererar stansar av olika modeller till f\u00f6rpackningsmaskiner. Full star punches, half star punches, Europunches med flera.\" \/>\n<meta property=\"og:url\" content=\"https:\/\/borinmachineknives.se\/pl\/stansar\/\" \/>\n<meta property=\"og:site_name\" content=\"Borinmachineknives\" \/>\n<meta property=\"article:modified_time\" content=\"2022-09-29T10:22:11+00:00\" \/>\n<meta property=\"og:image\" content=\"https:\/\/borinmachineknives.se\/wp-content\/uploads\/2022\/09\/stansar.jpg\" \/>\n\t<meta property=\"og:image:width\" content=\"2000\" \/>\n\t<meta property=\"og:image:height\" content=\"2000\" \/>\n\t<meta property=\"og:image:type\" content=\"image\/jpeg\" \/>\n<meta name=\"twitter:card\" content=\"summary_large_image\" \/>\n<meta name=\"twitter:label1\" content=\"Szacowany czas czytania\" \/>\n\t<meta name=\"twitter:data1\" content=\"2 minuty\" \/>\n<script type=\"application\/ld+json\" class=\"yoast-schema-graph\">{\"@context\":\"https:\\\/\\\/schema.org\",\"@graph\":[{\"@type\":\"WebPage\",\"@id\":\"https:\\\/\\\/borinmachineknives.se\\\/stansar\\\/\",\"url\":\"https:\\\/\\\/borinmachineknives.se\\\/stansar\\\/\",\"name\":\"Stansar - Borinmachineknives\",\"isPartOf\":{\"@id\":\"https:\\\/\\\/borinmachineknives.se\\\/#website\"},\"primaryImageOfPage\":{\"@id\":\"https:\\\/\\\/borinmachineknives.se\\\/stansar\\\/#primaryimage\"},\"image\":{\"@id\":\"https:\\\/\\\/borinmachineknives.se\\\/stansar\\\/#primaryimage\"},\"thumbnailUrl\":\"https:\\\/\\\/borinmachineknives.se\\\/wp-content\\\/uploads\\\/2022\\\/09\\\/stansar.jpg\",\"datePublished\":\"2022-03-08T08:26:38+00:00\",\"dateModified\":\"2022-09-29T10:22:11+00:00\",\"description\":\"Stansar - Vi levererar stansar av olika modeller till f\u00f6rpackningsmaskiner. Full star punches, half star punches, Europunches med flera.\",\"breadcrumb\":{\"@id\":\"https:\\\/\\\/borinmachineknives.se\\\/stansar\\\/#breadcrumb\"},\"inLanguage\":\"pl-PL\",\"potentialAction\":[{\"@type\":\"ReadAction\",\"target\":[\"https:\\\/\\\/borinmachineknives.se\\\/stansar\\\/\"]}]},{\"@type\":\"ImageObject\",\"inLanguage\":\"pl-PL\",\"@id\":\"https:\\\/\\\/borinmachineknives.se\\\/stansar\\\/#primaryimage\",\"url\":\"https:\\\/\\\/borinmachineknives.se\\\/wp-content\\\/uploads\\\/2022\\\/09\\\/stansar.jpg\",\"contentUrl\":\"https:\\\/\\\/borinmachineknives.se\\\/wp-content\\\/uploads\\\/2022\\\/09\\\/stansar.jpg\",\"width\":2000,\"height\":2000,\"caption\":\"stansar\"},{\"@type\":\"BreadcrumbList\",\"@id\":\"https:\\\/\\\/borinmachineknives.se\\\/stansar\\\/#breadcrumb\",\"itemListElement\":[{\"@type\":\"ListItem\",\"position\":1,\"name\":\"Hem\",\"item\":\"https:\\\/\\\/borinmachineknives.se\\\/\"},{\"@type\":\"ListItem\",\"position\":2,\"name\":\"Stansar\"}]},{\"@type\":\"WebSite\",\"@id\":\"https:\\\/\\\/borinmachineknives.se\\\/#website\",\"url\":\"https:\\\/\\\/borinmachineknives.se\\\/\",\"name\":\"Borinmachineknives\",\"description\":\"Proffs p\u00e5 maskinknivar sedan 1977\",\"potentialAction\":[{\"@type\":\"SearchAction\",\"target\":{\"@type\":\"EntryPoint\",\"urlTemplate\":\"https:\\\/\\\/borinmachineknives.se\\\/?s={search_term_string}\"},\"query-input\":{\"@type\":\"PropertyValueSpecification\",\"valueRequired\":true,\"valueName\":\"search_term_string\"}}],\"inLanguage\":\"pl-PL\"}]}<\/script>\n<!-- \/ Yoast SEO plugin. -->","yoast_head_json":{"title":"Stansar - Borinmachineknives","description":"Stansar - Vi levererar stansar av olika modeller till f\u00f6rpackningsmaskiner. Full star punches, half star punches, Europunches med flera.","robots":{"index":"index","follow":"follow","max-snippet":"max-snippet:-1","max-image-preview":"max-image-preview:large","max-video-preview":"max-video-preview:-1"},"canonical":"https:\/\/borinmachineknives.se\/pl\/stansar\/","og_locale":"pl_PL","og_type":"article","og_title":"Stansar - Borinmachineknives","og_description":"Stansar - Vi levererar stansar av olika modeller till f\u00f6rpackningsmaskiner. Full star punches, half star punches, Europunches med flera.","og_url":"https:\/\/borinmachineknives.se\/pl\/stansar\/","og_site_name":"Borinmachineknives","article_modified_time":"2022-09-29T10:22:11+00:00","og_image":[{"width":2000,"height":2000,"url":"https:\/\/borinmachineknives.se\/wp-content\/uploads\/2022\/09\/stansar.jpg","type":"image\/jpeg"}],"twitter_card":"summary_large_image","twitter_misc":{"Szacowany czas czytania":"2 minuty"},"schema":{"@context":"https:\/\/schema.org","@graph":[{"@type":"WebPage","@id":"https:\/\/borinmachineknives.se\/stansar\/","url":"https:\/\/borinmachineknives.se\/stansar\/","name":"Stansar - Borinmachineknives","isPartOf":{"@id":"https:\/\/borinmachineknives.se\/#website"},"primaryImageOfPage":{"@id":"https:\/\/borinmachineknives.se\/stansar\/#primaryimage"},"image":{"@id":"https:\/\/borinmachineknives.se\/stansar\/#primaryimage"},"thumbnailUrl":"https:\/\/borinmachineknives.se\/wp-content\/uploads\/2022\/09\/stansar.jpg","datePublished":"2022-03-08T08:26:38+00:00","dateModified":"2022-09-29T10:22:11+00:00","description":"Stansar - Vi levererar stansar av olika modeller till f\u00f6rpackningsmaskiner. Full star punches, half star punches, Europunches med flera.","breadcrumb":{"@id":"https:\/\/borinmachineknives.se\/stansar\/#breadcrumb"},"inLanguage":"pl-PL","potentialAction":[{"@type":"ReadAction","target":["https:\/\/borinmachineknives.se\/stansar\/"]}]},{"@type":"ImageObject","inLanguage":"pl-PL","@id":"https:\/\/borinmachineknives.se\/stansar\/#primaryimage","url":"https:\/\/borinmachineknives.se\/wp-content\/uploads\/2022\/09\/stansar.jpg","contentUrl":"https:\/\/borinmachineknives.se\/wp-content\/uploads\/2022\/09\/stansar.jpg","width":2000,"height":2000,"caption":"stansar"},{"@type":"BreadcrumbList","@id":"https:\/\/borinmachineknives.se\/stansar\/#breadcrumb","itemListElement":[{"@type":"ListItem","position":1,"name":"Hem","item":"https:\/\/borinmachineknives.se\/"},{"@type":"ListItem","position":2,"name":"Stansar"}]},{"@type":"WebSite","@id":"https:\/\/borinmachineknives.se\/#website","url":"https:\/\/borinmachineknives.se\/","name":"Borinmachineknives","description":"Proffs p\u00e5 maskinknivar sedan 1977","potentialAction":[{"@type":"SearchAction","target":{"@type":"EntryPoint","urlTemplate":"https:\/\/borinmachineknives.se\/?s={search_term_string}"},"query-input":{"@type":"PropertyValueSpecification","valueRequired":true,"valueName":"search_term_string"}}],"inLanguage":"pl-PL"}]}},"_links":{"self":[{"href":"https:\/\/borinmachineknives.se\/pl\/wp-json\/wp\/v2\/pages\/378","targetHints":{"allow":["GET"]}}],"collection":[{"href":"https:\/\/borinmachineknives.se\/pl\/wp-json\/wp\/v2\/pages"}],"about":[{"href":"https:\/\/borinmachineknives.se\/pl\/wp-json\/wp\/v2\/types\/page"}],"author":[{"embeddable":true,"href":"https:\/\/borinmachineknives.se\/pl\/wp-json\/wp\/v2\/users\/1"}],"replies":[{"embeddable":true,"href":"https:\/\/borinmachineknives.se\/pl\/wp-json\/wp\/v2\/comments?post=378"}],"version-history":[{"count":6,"href":"https:\/\/borinmachineknives.se\/pl\/wp-json\/wp\/v2\/pages\/378\/revisions"}],"predecessor-version":[{"id":2217,"href":"https:\/\/borinmachineknives.se\/pl\/wp-json\/wp\/v2\/pages\/378\/revisions\/2217"}],"wp:featuredmedia":[{"embeddable":true,"href":"https:\/\/borinmachineknives.se\/pl\/wp-json\/wp\/v2\/media\/2214"}],"wp:attachment":[{"href":"https:\/\/borinmachineknives.se\/pl\/wp-json\/wp\/v2\/media?parent=378"}],"curies":[{"name":"wp","href":"https:\/\/api.w.org\/{rel}","templated":true}]}}