{"id":3,"date":"2022-02-21T11:25:44","date_gmt":"2022-02-21T10:25:44","guid":{"rendered":"http:\/\/borinmachineknives.se\/?page_id=3"},"modified":"2022-08-11T11:49:04","modified_gmt":"2022-08-11T09:49:04","slug":"integritetspolicy","status":"publish","type":"page","link":"https:\/\/borinmachineknives.se\/pl\/integritetspolicy\/","title":{"rendered":"Integritetspolicy"},"content":{"rendered":"<h2 class=\"wp-block-heading\">Vilka vi \u00e4r<\/h2>\n\n\n\n<p>BORIN har f\u00f6rsett den producerande industrin runt om i v\u00e4rlden med maskinknivar sedan 1977. Alla v\u00e5ra knivar tillverkas enligt OEM-specifikationer och skr\u00e4ddarsys enligt ert prov eller ritning. Vi hj\u00e4lper en m\u00e4ngd olika industrier med sin knivf\u00f6rs\u00f6rjning genom att tillverka knivar i god tid och leverera dem precis n\u00e4r kunden \u00f6nskar.<\/p>\n\n\n\n<p>Borin Ingenj\u00f6rsfirma AB is following the GDPR-legislation in regards to collecting and storing personal data. Borin Ingenj\u00f6rsfirma AB is collecting information from you for the purpose of maintaining a business relationship and the details that are stored are limited to those necessary to retain contact with you as a customer, supplier or other business partner.<\/p>\n\n\n\n<p>Borin Ingenj\u00f6rsfirma AB is the controller of your personal data, which means that we are responsible for how your personal data is collected and used. We respect your privacy and will protect any of your personal data that we process. All personal data are processed in accordance with GDPR. Borin Ingenj\u00f6rsfirma AB will not pass personal data that has been collected outside our company.<\/p>\n\n\n\n<h3 class=\"wp-block-heading\">The basis for processing personal data<\/h3>\n\n\n\n<p>When processing personal data for the purposes explained in this policy, we rely on our legitimate interests in maintaining business relationships and communicating with you, as a business contact or as an existing customer.<\/p>\n\n\n\n<h3 class=\"wp-block-heading\">How long will we store personal data<\/h3>\n\n\n\n<p>We will keep your personal data for no longer than is necessary for our purposes of retaining a good business relationsship and is required by law. Generally, where we keep your information for our marketing purposes only, your information will be kept with us until you notify us that you no longer wish to receive marketing correspondence from us.<\/p>\n\n\n\n<h3 class=\"wp-block-heading\">Your rights<\/h3>\n\n\n\n<p>You have the right to know what personal data we process about you and may request a copy. You are also entitled to have incorrect personal data about you corrected and you may in some cases ask us to delete your personal data.<\/p>\n\n\n\n<h3 class=\"wp-block-heading\">How to contact us<\/h3>\n\n\n\n<p>If you have any questions in regards to how we process your personal data you are welcome to contact us at info@borin.se.<\/p>\n\n\n\n<h2 class=\"wp-block-heading\">Cookie-filer<\/h2>\n\n\n\n<p>Om du l\u00e4mnar en kommentar p\u00e5 v\u00e5r webbplats kan du v\u00e4lja att spara ditt namn, din e-postadress och webbplatsadress i cookie-filer. Detta \u00e4r f\u00f6r din bekv\u00e4mlighet f\u00f6r att du inte ska beh\u00f6va fylla i dessa uppgifter igen n\u00e4sta g\u00e5ng du skriver en kommentar. Dessa cookie-filer g\u00e4ller i ett \u00e5r.<\/p>\n\n\n\n<p>Om du bes\u00f6ker v\u00e5r inloggningssida kommer vi att s\u00e4tta en tillf\u00e4llig cookie f\u00f6r att unders\u00f6ka om din webbl\u00e4sare accepterar dem. Denna cookie inneh\u00e5ller inga personuppgifter och den f\u00f6rsvinner n\u00e4r du st\u00e4nger din webbl\u00e4sare.<\/p>\n\n\n\n<p>N\u00e4r du loggar in kommer vi dessutom att skapa flera cookie-filer f\u00f6r att spara information om din inloggning och dina val f\u00f6r utformning av sk\u00e4rmlayouten. Cookie-filer f\u00f6r inloggning g\u00e4ller i tv\u00e5 dagar och cookie-filer f\u00f6r layoutval g\u00e4ller i ett \u00e5r. Om du kryssar i \u201dKom ih\u00e5g mig\u201d kommer din cookie att finnas kvar i tv\u00e5 veckor. Om du loggar ut fr\u00e5n ditt konto kommer cookie-filerna f\u00f6r inloggning att tas bort.<\/p>\n\n\n\n<p>Om du redigerar eller publicerar en artikel kommer en extra cookie-fil att sparas i din webbl\u00e4sare. Denna cookie-fil inneh\u00e5ller inga personuppgifter utan anger endast inl\u00e4ggs-ID f\u00f6r den artikel du just redigerade. Den g\u00e4ller under 1 dygn.<\/p>","protected":false},"excerpt":{"rendered":"<p>Vilka vi \u00e4r BORIN har f\u00f6rsett den producerande industrin runt om i v\u00e4rlden med maskinknivar sedan 1977. Alla v\u00e5ra knivar tillverkas enligt OEM-specifikationer och skr\u00e4ddarsys enligt ert prov eller ritning. Vi hj\u00e4lper en m\u00e4ngd olika industrier med sin knivf\u00f6rs\u00f6rjning genom att tillverka knivar i god tid och leverera dem precis n\u00e4r kunden \u00f6nskar. Borin Ingenj\u00f6rsfirma&hellip;&nbsp;<\/p>","protected":false},"author":1,"featured_media":0,"parent":0,"menu_order":0,"comment_status":"closed","ping_status":"open","template":"","meta":{"_monsterinsights_skip_tracking":false,"_monsterinsights_sitenote_active":false,"_monsterinsights_sitenote_note":"","_monsterinsights_sitenote_category":0,"neve_meta_sidebar":"","neve_meta_container":"","neve_meta_enable_content_width":"","neve_meta_content_width":0,"neve_meta_title_alignment":"","neve_meta_author_avatar":"","neve_post_elements_order":"","neve_meta_disable_header":"","neve_meta_disable_footer":"","neve_meta_disable_title":"","footnotes":""},"class_list":["post-3","page","type-page","status-publish","hentry"],"yoast_head":"<!-- This site is optimized with the Yoast SEO plugin v27.6 - https:\/\/yoast.com\/product\/yoast-seo-wordpress\/ -->\n<title>Integritetspolicy - Borinmachineknives<\/title>\n<meta name=\"robots\" content=\"index, follow, max-snippet:-1, max-image-preview:large, max-video-preview:-1\" \/>\n<link rel=\"canonical\" href=\"https:\/\/borinmachineknives.se\/pl\/integritetspolicy\/\" \/>\n<meta property=\"og:locale\" content=\"pl_PL\" \/>\n<meta property=\"og:type\" content=\"article\" \/>\n<meta property=\"og:title\" content=\"Integritetspolicy - Borinmachineknives\" \/>\n<meta property=\"og:description\" content=\"Vilka vi \u00e4r BORIN har f\u00f6rsett den producerande industrin runt om i v\u00e4rlden med maskinknivar sedan 1977. Alla v\u00e5ra knivar tillverkas enligt OEM-specifikationer och skr\u00e4ddarsys enligt ert prov eller ritning. Vi hj\u00e4lper en m\u00e4ngd olika industrier med sin knivf\u00f6rs\u00f6rjning genom att tillverka knivar i god tid och leverera dem precis n\u00e4r kunden \u00f6nskar. Borin Ingenj\u00f6rsfirma&hellip;&nbsp;\" \/>\n<meta property=\"og:url\" content=\"https:\/\/borinmachineknives.se\/pl\/integritetspolicy\/\" \/>\n<meta property=\"og:site_name\" content=\"Borinmachineknives\" \/>\n<meta property=\"article:modified_time\" content=\"2022-08-11T09:49:04+00:00\" \/>\n<meta name=\"twitter:card\" content=\"summary_large_image\" \/>\n<meta name=\"twitter:label1\" content=\"Szacowany czas czytania\" \/>\n\t<meta name=\"twitter:data1\" content=\"3 minuty\" \/>\n<script type=\"application\/ld+json\" class=\"yoast-schema-graph\">{\"@context\":\"https:\\\/\\\/schema.org\",\"@graph\":[{\"@type\":\"WebPage\",\"@id\":\"https:\\\/\\\/borinmachineknives.se\\\/integritetspolicy\\\/\",\"url\":\"https:\\\/\\\/borinmachineknives.se\\\/integritetspolicy\\\/\",\"name\":\"Integritetspolicy - Borinmachineknives\",\"isPartOf\":{\"@id\":\"https:\\\/\\\/borinmachineknives.se\\\/#website\"},\"datePublished\":\"2022-02-21T10:25:44+00:00\",\"dateModified\":\"2022-08-11T09:49:04+00:00\",\"breadcrumb\":{\"@id\":\"https:\\\/\\\/borinmachineknives.se\\\/integritetspolicy\\\/#breadcrumb\"},\"inLanguage\":\"pl-PL\",\"potentialAction\":[{\"@type\":\"ReadAction\",\"target\":[\"https:\\\/\\\/borinmachineknives.se\\\/integritetspolicy\\\/\"]}]},{\"@type\":\"BreadcrumbList\",\"@id\":\"https:\\\/\\\/borinmachineknives.se\\\/integritetspolicy\\\/#breadcrumb\",\"itemListElement\":[{\"@type\":\"ListItem\",\"position\":1,\"name\":\"Hem\",\"item\":\"https:\\\/\\\/borinmachineknives.se\\\/\"},{\"@type\":\"ListItem\",\"position\":2,\"name\":\"Integritetspolicy\"}]},{\"@type\":\"WebSite\",\"@id\":\"https:\\\/\\\/borinmachineknives.se\\\/#website\",\"url\":\"https:\\\/\\\/borinmachineknives.se\\\/\",\"name\":\"Borinmachineknives\",\"description\":\"Proffs p\u00e5 maskinknivar sedan 1977\",\"potentialAction\":[{\"@type\":\"SearchAction\",\"target\":{\"@type\":\"EntryPoint\",\"urlTemplate\":\"https:\\\/\\\/borinmachineknives.se\\\/?s={search_term_string}\"},\"query-input\":{\"@type\":\"PropertyValueSpecification\",\"valueRequired\":true,\"valueName\":\"search_term_string\"}}],\"inLanguage\":\"pl-PL\"}]}<\/script>\n<!-- \/ Yoast SEO plugin. -->","yoast_head_json":{"title":"Integritetspolicy - Borinmachineknives","robots":{"index":"index","follow":"follow","max-snippet":"max-snippet:-1","max-image-preview":"max-image-preview:large","max-video-preview":"max-video-preview:-1"},"canonical":"https:\/\/borinmachineknives.se\/pl\/integritetspolicy\/","og_locale":"pl_PL","og_type":"article","og_title":"Integritetspolicy - Borinmachineknives","og_description":"Vilka vi \u00e4r BORIN har f\u00f6rsett den producerande industrin runt om i v\u00e4rlden med maskinknivar sedan 1977. Alla v\u00e5ra knivar tillverkas enligt OEM-specifikationer och skr\u00e4ddarsys enligt ert prov eller ritning. Vi hj\u00e4lper en m\u00e4ngd olika industrier med sin knivf\u00f6rs\u00f6rjning genom att tillverka knivar i god tid och leverera dem precis n\u00e4r kunden \u00f6nskar. Borin Ingenj\u00f6rsfirma&hellip;&nbsp;","og_url":"https:\/\/borinmachineknives.se\/pl\/integritetspolicy\/","og_site_name":"Borinmachineknives","article_modified_time":"2022-08-11T09:49:04+00:00","twitter_card":"summary_large_image","twitter_misc":{"Szacowany czas czytania":"3 minuty"},"schema":{"@context":"https:\/\/schema.org","@graph":[{"@type":"WebPage","@id":"https:\/\/borinmachineknives.se\/integritetspolicy\/","url":"https:\/\/borinmachineknives.se\/integritetspolicy\/","name":"Integritetspolicy - Borinmachineknives","isPartOf":{"@id":"https:\/\/borinmachineknives.se\/#website"},"datePublished":"2022-02-21T10:25:44+00:00","dateModified":"2022-08-11T09:49:04+00:00","breadcrumb":{"@id":"https:\/\/borinmachineknives.se\/integritetspolicy\/#breadcrumb"},"inLanguage":"pl-PL","potentialAction":[{"@type":"ReadAction","target":["https:\/\/borinmachineknives.se\/integritetspolicy\/"]}]},{"@type":"BreadcrumbList","@id":"https:\/\/borinmachineknives.se\/integritetspolicy\/#breadcrumb","itemListElement":[{"@type":"ListItem","position":1,"name":"Hem","item":"https:\/\/borinmachineknives.se\/"},{"@type":"ListItem","position":2,"name":"Integritetspolicy"}]},{"@type":"WebSite","@id":"https:\/\/borinmachineknives.se\/#website","url":"https:\/\/borinmachineknives.se\/","name":"Borinmachineknives","description":"Proffs p\u00e5 maskinknivar sedan 1977","potentialAction":[{"@type":"SearchAction","target":{"@type":"EntryPoint","urlTemplate":"https:\/\/borinmachineknives.se\/?s={search_term_string}"},"query-input":{"@type":"PropertyValueSpecification","valueRequired":true,"valueName":"search_term_string"}}],"inLanguage":"pl-PL"}]}},"_links":{"self":[{"href":"https:\/\/borinmachineknives.se\/pl\/wp-json\/wp\/v2\/pages\/3","targetHints":{"allow":["GET"]}}],"collection":[{"href":"https:\/\/borinmachineknives.se\/pl\/wp-json\/wp\/v2\/pages"}],"about":[{"href":"https:\/\/borinmachineknives.se\/pl\/wp-json\/wp\/v2\/types\/page"}],"author":[{"embeddable":true,"href":"https:\/\/borinmachineknives.se\/pl\/wp-json\/wp\/v2\/users\/1"}],"replies":[{"embeddable":true,"href":"https:\/\/borinmachineknives.se\/pl\/wp-json\/wp\/v2\/comments?post=3"}],"version-history":[{"count":1,"href":"https:\/\/borinmachineknives.se\/pl\/wp-json\/wp\/v2\/pages\/3\/revisions"}],"predecessor-version":[{"id":1541,"href":"https:\/\/borinmachineknives.se\/pl\/wp-json\/wp\/v2\/pages\/3\/revisions\/1541"}],"wp:attachment":[{"href":"https:\/\/borinmachineknives.se\/pl\/wp-json\/wp\/v2\/media?parent=3"}],"curies":[{"name":"wp","href":"https:\/\/api.w.org\/{rel}","templated":true}]}}