{"id":2114,"date":"2022-09-27T14:26:25","date_gmt":"2022-09-27T12:26:25","guid":{"rendered":"https:\/\/borinmachineknives.se\/?page_id=2114"},"modified":"2022-09-27T14:33:05","modified_gmt":"2022-09-27T12:33:05","slug":"industriknivar","status":"publish","type":"page","link":"https:\/\/borinmachineknives.se\/pl\/industriknivar\/","title":{"rendered":"Industriknivar"},"content":{"rendered":"<div data-elementor-type=\"wp-page\" data-elementor-id=\"2114\" class=\"elementor elementor-2114\" data-elementor-post-type=\"page\">\n\t\t\t\t\t\t<section class=\"elementor-section elementor-top-section elementor-element elementor-element-1571b64d elementor-section-boxed elementor-section-height-default elementor-section-height-default\" data-id=\"1571b64d\" data-element_type=\"section\" data-e-type=\"section\" data-settings=\"{&quot;background_background&quot;:&quot;classic&quot;}\">\n\t\t\t\t\t\t\t<div class=\"elementor-background-overlay\"><\/div>\n\t\t\t\t\t\t\t<div class=\"elementor-container elementor-column-gap-default\">\n\t\t\t\t\t<div class=\"elementor-column elementor-col-100 elementor-top-column elementor-element elementor-element-1b88e4e8\" data-id=\"1b88e4e8\" data-element_type=\"column\" data-e-type=\"column\">\n\t\t\t<div class=\"elementor-widget-wrap elementor-element-populated\">\n\t\t\t\t\t\t<section class=\"elementor-section elementor-inner-section elementor-element elementor-element-26e69f13 elementor-section-boxed elementor-section-height-default elementor-section-height-default\" data-id=\"26e69f13\" data-element_type=\"section\" data-e-type=\"section\">\n\t\t\t\t\t\t<div class=\"elementor-container elementor-column-gap-default\">\n\t\t\t\t\t<div class=\"elementor-column elementor-col-50 elementor-inner-column elementor-element elementor-element-29c71533\" data-id=\"29c71533\" data-element_type=\"column\" data-e-type=\"column\">\n\t\t\t<div class=\"elementor-widget-wrap elementor-element-populated\">\n\t\t\t\t\t\t<div class=\"elementor-element elementor-element-7245b0a0 elementor-widget elementor-widget-spacer\" data-id=\"7245b0a0\" data-element_type=\"widget\" data-e-type=\"widget\" data-widget_type=\"spacer.default\">\n\t\t\t\t<div class=\"elementor-widget-container\">\n\t\t\t\t\t\t\t<div class=\"elementor-spacer\">\n\t\t\t<div class=\"elementor-spacer-inner\"><\/div>\n\t\t<\/div>\n\t\t\t\t\t\t<\/div>\n\t\t\t\t<\/div>\n\t\t\t\t<div class=\"elementor-element elementor-element-7d6b896 elementor-widget elementor-widget-heading\" data-id=\"7d6b896\" data-element_type=\"widget\" data-e-type=\"widget\" data-widget_type=\"heading.default\">\n\t\t\t\t<div class=\"elementor-widget-container\">\n\t\t\t\t\t<h1 class=\"elementor-heading-title elementor-size-default\">Industriknivar<\/h1>\t\t\t\t<\/div>\n\t\t\t\t<\/div>\n\t\t\t\t<div class=\"elementor-element elementor-element-2483e64d elementor-widget elementor-widget-button\" data-id=\"2483e64d\" data-element_type=\"widget\" data-e-type=\"widget\" data-widget_type=\"button.default\">\n\t\t\t\t<div class=\"elementor-widget-container\">\n\t\t\t\t\t\t\t\t\t<div class=\"elementor-button-wrapper\">\n\t\t\t\t\t<a class=\"elementor-button elementor-button-link elementor-size-sm\" href=\"http:\/\/borinmachineknives.se\/pl\/kontakta-oss\/\">\n\t\t\t\t\t\t<span class=\"elementor-button-content-wrapper\">\n\t\t\t\t\t\t\t\t\t<span class=\"elementor-button-text\">Kontakta oss<\/span>\n\t\t\t\t\t<\/span>\n\t\t\t\t\t<\/a>\n\t\t\t\t<\/div>\n\t\t\t\t\t\t\t\t<\/div>\n\t\t\t\t<\/div>\n\t\t\t\t<div class=\"elementor-element elementor-element-4dde57ed elementor-widget elementor-widget-spacer\" data-id=\"4dde57ed\" data-element_type=\"widget\" data-e-type=\"widget\" data-widget_type=\"spacer.default\">\n\t\t\t\t<div class=\"elementor-widget-container\">\n\t\t\t\t\t\t\t<div class=\"elementor-spacer\">\n\t\t\t<div class=\"elementor-spacer-inner\"><\/div>\n\t\t<\/div>\n\t\t\t\t\t\t<\/div>\n\t\t\t\t<\/div>\n\t\t\t\t\t<\/div>\n\t\t<\/div>\n\t\t\t\t<div class=\"elementor-column elementor-col-50 elementor-inner-column elementor-element elementor-element-57c65a1c\" data-id=\"57c65a1c\" data-element_type=\"column\" data-e-type=\"column\">\n\t\t\t<div class=\"elementor-widget-wrap elementor-element-populated\">\n\t\t\t\t\t\t<div class=\"elementor-element elementor-element-5e0e09fd elementor-widget elementor-widget-spacer\" data-id=\"5e0e09fd\" data-element_type=\"widget\" data-e-type=\"widget\" data-widget_type=\"spacer.default\">\n\t\t\t\t<div class=\"elementor-widget-container\">\n\t\t\t\t\t\t\t<div class=\"elementor-spacer\">\n\t\t\t<div class=\"elementor-spacer-inner\"><\/div>\n\t\t<\/div>\n\t\t\t\t\t\t<\/div>\n\t\t\t\t<\/div>\n\t\t\t\t\t<\/div>\n\t\t<\/div>\n\t\t\t\t\t<\/div>\n\t\t<\/section>\n\t\t\t\t\t<\/div>\n\t\t<\/div>\n\t\t\t\t\t<\/div>\n\t\t<\/section>\n\t\t\t\t<section class=\"elementor-section elementor-top-section elementor-element elementor-element-700214a3 elementor-section-boxed elementor-section-height-default elementor-section-height-default\" data-id=\"700214a3\" data-element_type=\"section\" data-e-type=\"section\" data-settings=\"{&quot;background_background&quot;:&quot;classic&quot;}\">\n\t\t\t\t\t\t<div class=\"elementor-container elementor-column-gap-default\">\n\t\t\t\t\t<div class=\"elementor-column elementor-col-50 elementor-top-column elementor-element elementor-element-1b32bcd2\" data-id=\"1b32bcd2\" data-element_type=\"column\" data-e-type=\"column\">\n\t\t\t<div class=\"elementor-widget-wrap elementor-element-populated\">\n\t\t\t\t\t\t<div class=\"elementor-element elementor-element-773a5aeb elementor-widget elementor-widget-text-editor\" data-id=\"773a5aeb\" data-element_type=\"widget\" data-e-type=\"widget\" data-widget_type=\"text-editor.default\">\n\t\t\t\t<div class=\"elementor-widget-container\">\n\t\t\t\t\t\t\t\t\t<p>Vi levererar industriknivar till olika typer av industrier och i alla utf\u00f6randen. Vi utlovar alltid h\u00f6gkvalitativa produkter!<\/p>\t\t\t\t\t\t\t\t<\/div>\n\t\t\t\t<\/div>\n\t\t\t\t\t<\/div>\n\t\t<\/div>\n\t\t\t\t<div class=\"elementor-column elementor-col-50 elementor-top-column elementor-element elementor-element-59e9cc66\" data-id=\"59e9cc66\" data-element_type=\"column\" data-e-type=\"column\">\n\t\t\t<div class=\"elementor-widget-wrap elementor-element-populated\">\n\t\t\t\t\t\t<div class=\"elementor-element elementor-element-22f68c2a elementor-align-start elementor-icon-list--layout-traditional elementor-list-item-link-full_width elementor-widget elementor-widget-icon-list\" data-id=\"22f68c2a\" data-element_type=\"widget\" data-e-type=\"widget\" data-widget_type=\"icon-list.default\">\n\t\t\t\t<div class=\"elementor-widget-container\">\n\t\t\t\t\t\t\t<ul class=\"elementor-icon-list-items\">\n\t\t\t\t\t\t\t<li class=\"elementor-icon-list-item\">\n\t\t\t\t\t\t\t\t\t\t\t<span class=\"elementor-icon-list-icon\">\n\t\t\t\t\t\t\t<i aria-hidden=\"true\" class=\"fas fa-check-circle\"><\/i>\t\t\t\t\t\t<\/span>\n\t\t\t\t\t\t\t\t\t\t<span class=\"elementor-icon-list-text\">Alla typer av industriknivar till processindustrin<\/span>\n\t\t\t\t\t\t\t\t\t<\/li>\n\t\t\t\t\t\t\t\t<li class=\"elementor-icon-list-item\">\n\t\t\t\t\t\t\t\t\t\t\t<span class=\"elementor-icon-list-icon\">\n\t\t\t\t\t\t\t<i aria-hidden=\"true\" class=\"fas fa-check-circle\"><\/i>\t\t\t\t\t\t<\/span>\n\t\t\t\t\t\t\t\t\t\t<span class=\"elementor-icon-list-text\">\u00d6ver 40 \u00e5rs erfarenhet<\/span>\n\t\t\t\t\t\t\t\t\t<\/li>\n\t\t\t\t\t\t\t\t<li class=\"elementor-icon-list-item\">\n\t\t\t\t\t\t\t\t\t\t\t<span class=\"elementor-icon-list-icon\">\n\t\t\t\t\t\t\t<i aria-hidden=\"true\" class=\"fas fa-check-circle\"><\/i>\t\t\t\t\t\t<\/span>\n\t\t\t\t\t\t\t\t\t\t<span class=\"elementor-icon-list-text\">H\u00f6gkvalitativa material<\/span>\n\t\t\t\t\t\t\t\t\t<\/li>\n\t\t\t\t\t\t<\/ul>\n\t\t\t\t\t\t<\/div>\n\t\t\t\t<\/div>\n\t\t\t\t\t<\/div>\n\t\t<\/div>\n\t\t\t\t\t<\/div>\n\t\t<\/section>\n\t\t\t\t<section class=\"elementor-section elementor-top-section elementor-element elementor-element-09cdcbb elementor-section-boxed elementor-section-height-default elementor-section-height-default\" data-id=\"09cdcbb\" data-element_type=\"section\" data-e-type=\"section\">\n\t\t\t\t\t\t<div class=\"elementor-container elementor-column-gap-default\">\n\t\t\t\t\t<div class=\"elementor-column elementor-col-100 elementor-top-column elementor-element elementor-element-3d0ae66\" data-id=\"3d0ae66\" data-element_type=\"column\" data-e-type=\"column\">\n\t\t\t<div class=\"elementor-widget-wrap elementor-element-populated\">\n\t\t\t\t\t\t<div class=\"elementor-element elementor-element-1254040 elementor-widget elementor-widget-image\" data-id=\"1254040\" data-element_type=\"widget\" data-e-type=\"widget\" data-widget_type=\"image.default\">\n\t\t\t\t<div class=\"elementor-widget-container\">\n\t\t\t\t\t\t\t\t\t\t\t\t\t\t\t<img fetchpriority=\"high\" decoding=\"async\" width=\"1024\" height=\"208\" src=\"https:\/\/borinmachineknives.se\/wp-content\/uploads\/2022\/09\/industriknivar-1024x208.jpg\" class=\"attachment-large size-large wp-image-2117\" alt=\"industriknivar\" srcset=\"https:\/\/borinmachineknives.se\/wp-content\/uploads\/2022\/09\/industriknivar-1024x208.jpg 1024w, https:\/\/borinmachineknives.se\/wp-content\/uploads\/2022\/09\/industriknivar-300x61.jpg 300w, https:\/\/borinmachineknives.se\/wp-content\/uploads\/2022\/09\/industriknivar-768x156.jpg 768w, https:\/\/borinmachineknives.se\/wp-content\/uploads\/2022\/09\/industriknivar-18x4.jpg 18w, https:\/\/borinmachineknives.se\/wp-content\/uploads\/2022\/09\/industriknivar.jpg 1116w\" sizes=\"(max-width: 1024px) 100vw, 1024px\" \/>\t\t\t\t\t\t\t\t\t\t\t\t\t\t\t<\/div>\n\t\t\t\t<\/div>\n\t\t\t\t\t<\/div>\n\t\t<\/div>\n\t\t\t\t\t<\/div>\n\t\t<\/section>\n\t\t\t\t<section class=\"elementor-section elementor-top-section elementor-element elementor-element-22bfb2e4 elementor-section-boxed elementor-section-height-default elementor-section-height-default\" data-id=\"22bfb2e4\" data-element_type=\"section\" data-e-type=\"section\" data-settings=\"{&quot;background_background&quot;:&quot;classic&quot;}\">\n\t\t\t\t\t\t<div class=\"elementor-container elementor-column-gap-default\">\n\t\t\t\t\t<div class=\"elementor-column elementor-col-50 elementor-top-column elementor-element elementor-element-4de7d42d\" data-id=\"4de7d42d\" data-element_type=\"column\" data-e-type=\"column\">\n\t\t\t<div class=\"elementor-widget-wrap elementor-element-populated\">\n\t\t\t\t\t\t<div class=\"elementor-element elementor-element-2ff3c10a elementor-widget elementor-widget-heading\" data-id=\"2ff3c10a\" data-element_type=\"widget\" data-e-type=\"widget\" data-widget_type=\"heading.default\">\n\t\t\t\t<div class=\"elementor-widget-container\">\n\t\t\t\t\t<h2 class=\"elementor-heading-title elementor-size-default\">Industriknivar - V\u00e4lkommen med er f\u00f6rfr\u00e5gan eller best\u00e4llning!<\/h2>\t\t\t\t<\/div>\n\t\t\t\t<\/div>\n\t\t\t\t<div class=\"elementor-element elementor-element-49a5c1b0 elementor-widget elementor-widget-text-editor\" data-id=\"49a5c1b0\" data-element_type=\"widget\" data-e-type=\"widget\" data-widget_type=\"text-editor.default\">\n\t\t\t\t<div class=\"elementor-widget-container\">\n\t\t\t\t\t\t\t\t\t<p>Tveka inte att h\u00f6ra av er till oss s\u00e5 hj\u00e4lper vi er med stort och sm\u00e5tt. Vi tar fram r\u00e4tt kniv med hj\u00e4lp av er ritning, prov eller om ni har artikelnummer p\u00e5 en existerande kniv eller h\u00e5llare. Beh\u00f6ver ni bes\u00f6k till er verksamhet f\u00f6r att se \u00f6ver behovet av industriknivar kommer vi g\u00e4rna ut till er.<\/p>\t\t\t\t\t\t\t\t<\/div>\n\t\t\t\t<\/div>\n\t\t\t\t\t<\/div>\n\t\t<\/div>\n\t\t\t\t<div class=\"elementor-column elementor-col-50 elementor-top-column elementor-element elementor-element-47be0f00\" data-id=\"47be0f00\" data-element_type=\"column\" data-e-type=\"column\">\n\t\t\t<div class=\"elementor-widget-wrap elementor-element-populated\">\n\t\t\t\t\t\t<div class=\"elementor-element elementor-element-5a4cf099 elementor-widget elementor-widget-spacer\" data-id=\"5a4cf099\" data-element_type=\"widget\" data-e-type=\"widget\" data-widget_type=\"spacer.default\">\n\t\t\t\t<div class=\"elementor-widget-container\">\n\t\t\t\t\t\t\t<div class=\"elementor-spacer\">\n\t\t\t<div class=\"elementor-spacer-inner\"><\/div>\n\t\t<\/div>\n\t\t\t\t\t\t<\/div>\n\t\t\t\t<\/div>\n\t\t\t\t<div class=\"elementor-element elementor-element-2ead53ac elementor-widget elementor-widget-button\" data-id=\"2ead53ac\" data-element_type=\"widget\" data-e-type=\"widget\" data-widget_type=\"button.default\">\n\t\t\t\t<div class=\"elementor-widget-container\">\n\t\t\t\t\t\t\t\t\t<div class=\"elementor-button-wrapper\">\n\t\t\t\t\t<a class=\"elementor-button elementor-button-link elementor-size-sm\" href=\"http:\/\/borinmachineknives.se\/pl\/kontakta-oss\/\">\n\t\t\t\t\t\t<span class=\"elementor-button-content-wrapper\">\n\t\t\t\t\t\t\t\t\t<span class=\"elementor-button-text\">Kontakta oss!<\/span>\n\t\t\t\t\t<\/span>\n\t\t\t\t\t<\/a>\n\t\t\t\t<\/div>\n\t\t\t\t\t\t\t\t<\/div>\n\t\t\t\t<\/div>\n\t\t\t\t\t<\/div>\n\t\t<\/div>\n\t\t\t\t\t<\/div>\n\t\t<\/section>\n\t\t\t\t<\/div>","protected":false},"excerpt":{"rendered":"<p>Industriknivar Kontakta oss Vi levererar industriknivar till olika typer av industrier och i alla utf\u00f6randen. Vi utlovar alltid h\u00f6gkvalitativa produkter! Alla typer av industriknivar till processindustrin \u00d6ver 40 \u00e5rs erfarenhet H\u00f6gkvalitativa material Industriknivar &#8211; V\u00e4lkommen med er f\u00f6rfr\u00e5gan eller best\u00e4llning! Tveka inte att h\u00f6ra av er till oss s\u00e5 hj\u00e4lper vi er med stort och&hellip;&nbsp;<\/p>","protected":false},"author":1,"featured_media":0,"parent":0,"menu_order":0,"comment_status":"closed","ping_status":"closed","template":"elementor_header_footer","meta":{"_monsterinsights_skip_tracking":false,"_monsterinsights_sitenote_active":false,"_monsterinsights_sitenote_note":"","_monsterinsights_sitenote_category":0,"neve_meta_sidebar":"","neve_meta_container":"","neve_meta_enable_content_width":"","neve_meta_content_width":0,"neve_meta_title_alignment":"","neve_meta_author_avatar":"","neve_post_elements_order":"","neve_meta_disable_header":"","neve_meta_disable_footer":"","neve_meta_disable_title":"","footnotes":""},"class_list":["post-2114","page","type-page","status-publish","hentry"],"yoast_head":"<!-- This site is optimized with the Yoast SEO plugin v27.4 - https:\/\/yoast.com\/product\/yoast-seo-wordpress\/ -->\n<title>Industriknivar - Borinmachineknives - Vi kan knivar!<\/title>\n<meta name=\"description\" content=\"Industriknivar. Hos oss finner du alla sorts knivar och vi utlovar snabba leveranser och brett utbud! L\u00e4gg din best\u00e4llning idag!\" \/>\n<meta name=\"robots\" content=\"index, follow, max-snippet:-1, max-image-preview:large, max-video-preview:-1\" \/>\n<link rel=\"canonical\" href=\"https:\/\/borinmachineknives.se\/pl\/industriknivar\/\" \/>\n<meta property=\"og:locale\" content=\"pl_PL\" \/>\n<meta property=\"og:type\" content=\"article\" \/>\n<meta property=\"og:title\" content=\"Industriknivar - Borinmachineknives - Vi kan knivar!\" \/>\n<meta property=\"og:description\" content=\"Industriknivar. Hos oss finner du alla sorts knivar och vi utlovar snabba leveranser och brett utbud! L\u00e4gg din best\u00e4llning idag!\" \/>\n<meta property=\"og:url\" content=\"https:\/\/borinmachineknives.se\/pl\/industriknivar\/\" \/>\n<meta property=\"og:site_name\" content=\"Borinmachineknives\" \/>\n<meta property=\"article:modified_time\" content=\"2022-09-27T12:33:05+00:00\" \/>\n<meta property=\"og:image\" content=\"https:\/\/borinmachineknives.se\/wp-content\/uploads\/2022\/09\/industriknivar-1024x208.jpg\" \/>\n<meta name=\"twitter:card\" content=\"summary_large_image\" \/>\n<meta name=\"twitter:label1\" content=\"Szacowany czas czytania\" \/>\n\t<meta name=\"twitter:data1\" content=\"1 minuta\" \/>\n<script type=\"application\/ld+json\" class=\"yoast-schema-graph\">{\"@context\":\"https:\\\/\\\/schema.org\",\"@graph\":[{\"@type\":\"WebPage\",\"@id\":\"https:\\\/\\\/borinmachineknives.se\\\/industriknivar\\\/\",\"url\":\"https:\\\/\\\/borinmachineknives.se\\\/industriknivar\\\/\",\"name\":\"Industriknivar - Borinmachineknives - Vi kan knivar!\",\"isPartOf\":{\"@id\":\"https:\\\/\\\/borinmachineknives.se\\\/#website\"},\"primaryImageOfPage\":{\"@id\":\"https:\\\/\\\/borinmachineknives.se\\\/industriknivar\\\/#primaryimage\"},\"image\":{\"@id\":\"https:\\\/\\\/borinmachineknives.se\\\/industriknivar\\\/#primaryimage\"},\"thumbnailUrl\":\"https:\\\/\\\/borinmachineknives.se\\\/wp-content\\\/uploads\\\/2022\\\/09\\\/industriknivar-1024x208.jpg\",\"datePublished\":\"2022-09-27T12:26:25+00:00\",\"dateModified\":\"2022-09-27T12:33:05+00:00\",\"description\":\"Industriknivar. Hos oss finner du alla sorts knivar och vi utlovar snabba leveranser och brett utbud! L\u00e4gg din best\u00e4llning idag!\",\"breadcrumb\":{\"@id\":\"https:\\\/\\\/borinmachineknives.se\\\/industriknivar\\\/#breadcrumb\"},\"inLanguage\":\"pl-PL\",\"potentialAction\":[{\"@type\":\"ReadAction\",\"target\":[\"https:\\\/\\\/borinmachineknives.se\\\/industriknivar\\\/\"]}]},{\"@type\":\"ImageObject\",\"inLanguage\":\"pl-PL\",\"@id\":\"https:\\\/\\\/borinmachineknives.se\\\/industriknivar\\\/#primaryimage\",\"url\":\"https:\\\/\\\/borinmachineknives.se\\\/wp-content\\\/uploads\\\/2022\\\/09\\\/industriknivar-1024x208.jpg\",\"contentUrl\":\"https:\\\/\\\/borinmachineknives.se\\\/wp-content\\\/uploads\\\/2022\\\/09\\\/industriknivar-1024x208.jpg\"},{\"@type\":\"BreadcrumbList\",\"@id\":\"https:\\\/\\\/borinmachineknives.se\\\/industriknivar\\\/#breadcrumb\",\"itemListElement\":[{\"@type\":\"ListItem\",\"position\":1,\"name\":\"Hem\",\"item\":\"https:\\\/\\\/borinmachineknives.se\\\/\"},{\"@type\":\"ListItem\",\"position\":2,\"name\":\"Industriknivar\"}]},{\"@type\":\"WebSite\",\"@id\":\"https:\\\/\\\/borinmachineknives.se\\\/#website\",\"url\":\"https:\\\/\\\/borinmachineknives.se\\\/\",\"name\":\"Borinmachineknives\",\"description\":\"Proffs p\u00e5 maskinknivar sedan 1977\",\"potentialAction\":[{\"@type\":\"SearchAction\",\"target\":{\"@type\":\"EntryPoint\",\"urlTemplate\":\"https:\\\/\\\/borinmachineknives.se\\\/?s={search_term_string}\"},\"query-input\":{\"@type\":\"PropertyValueSpecification\",\"valueRequired\":true,\"valueName\":\"search_term_string\"}}],\"inLanguage\":\"pl-PL\"}]}<\/script>\n<!-- \/ Yoast SEO plugin. -->","yoast_head_json":{"title":"Industriknivar - Borinmachineknives - Vi kan knivar!","description":"Industriknivar. Hos oss finner du alla sorts knivar och vi utlovar snabba leveranser och brett utbud! L\u00e4gg din best\u00e4llning idag!","robots":{"index":"index","follow":"follow","max-snippet":"max-snippet:-1","max-image-preview":"max-image-preview:large","max-video-preview":"max-video-preview:-1"},"canonical":"https:\/\/borinmachineknives.se\/pl\/industriknivar\/","og_locale":"pl_PL","og_type":"article","og_title":"Industriknivar - Borinmachineknives - Vi kan knivar!","og_description":"Industriknivar. Hos oss finner du alla sorts knivar och vi utlovar snabba leveranser och brett utbud! L\u00e4gg din best\u00e4llning idag!","og_url":"https:\/\/borinmachineknives.se\/pl\/industriknivar\/","og_site_name":"Borinmachineknives","article_modified_time":"2022-09-27T12:33:05+00:00","og_image":[{"url":"https:\/\/borinmachineknives.se\/wp-content\/uploads\/2022\/09\/industriknivar-1024x208.jpg","type":"","width":"","height":""}],"twitter_card":"summary_large_image","twitter_misc":{"Szacowany czas czytania":"1 minuta"},"schema":{"@context":"https:\/\/schema.org","@graph":[{"@type":"WebPage","@id":"https:\/\/borinmachineknives.se\/industriknivar\/","url":"https:\/\/borinmachineknives.se\/industriknivar\/","name":"Industriknivar - Borinmachineknives - Vi kan knivar!","isPartOf":{"@id":"https:\/\/borinmachineknives.se\/#website"},"primaryImageOfPage":{"@id":"https:\/\/borinmachineknives.se\/industriknivar\/#primaryimage"},"image":{"@id":"https:\/\/borinmachineknives.se\/industriknivar\/#primaryimage"},"thumbnailUrl":"https:\/\/borinmachineknives.se\/wp-content\/uploads\/2022\/09\/industriknivar-1024x208.jpg","datePublished":"2022-09-27T12:26:25+00:00","dateModified":"2022-09-27T12:33:05+00:00","description":"Industriknivar. Hos oss finner du alla sorts knivar och vi utlovar snabba leveranser och brett utbud! L\u00e4gg din best\u00e4llning idag!","breadcrumb":{"@id":"https:\/\/borinmachineknives.se\/industriknivar\/#breadcrumb"},"inLanguage":"pl-PL","potentialAction":[{"@type":"ReadAction","target":["https:\/\/borinmachineknives.se\/industriknivar\/"]}]},{"@type":"ImageObject","inLanguage":"pl-PL","@id":"https:\/\/borinmachineknives.se\/industriknivar\/#primaryimage","url":"https:\/\/borinmachineknives.se\/wp-content\/uploads\/2022\/09\/industriknivar-1024x208.jpg","contentUrl":"https:\/\/borinmachineknives.se\/wp-content\/uploads\/2022\/09\/industriknivar-1024x208.jpg"},{"@type":"BreadcrumbList","@id":"https:\/\/borinmachineknives.se\/industriknivar\/#breadcrumb","itemListElement":[{"@type":"ListItem","position":1,"name":"Hem","item":"https:\/\/borinmachineknives.se\/"},{"@type":"ListItem","position":2,"name":"Industriknivar"}]},{"@type":"WebSite","@id":"https:\/\/borinmachineknives.se\/#website","url":"https:\/\/borinmachineknives.se\/","name":"Borinmachineknives","description":"Proffs p\u00e5 maskinknivar sedan 1977","potentialAction":[{"@type":"SearchAction","target":{"@type":"EntryPoint","urlTemplate":"https:\/\/borinmachineknives.se\/?s={search_term_string}"},"query-input":{"@type":"PropertyValueSpecification","valueRequired":true,"valueName":"search_term_string"}}],"inLanguage":"pl-PL"}]}},"_links":{"self":[{"href":"https:\/\/borinmachineknives.se\/pl\/wp-json\/wp\/v2\/pages\/2114","targetHints":{"allow":["GET"]}}],"collection":[{"href":"https:\/\/borinmachineknives.se\/pl\/wp-json\/wp\/v2\/pages"}],"about":[{"href":"https:\/\/borinmachineknives.se\/pl\/wp-json\/wp\/v2\/types\/page"}],"author":[{"embeddable":true,"href":"https:\/\/borinmachineknives.se\/pl\/wp-json\/wp\/v2\/users\/1"}],"replies":[{"embeddable":true,"href":"https:\/\/borinmachineknives.se\/pl\/wp-json\/wp\/v2\/comments?post=2114"}],"version-history":[{"count":6,"href":"https:\/\/borinmachineknives.se\/pl\/wp-json\/wp\/v2\/pages\/2114\/revisions"}],"predecessor-version":[{"id":2124,"href":"https:\/\/borinmachineknives.se\/pl\/wp-json\/wp\/v2\/pages\/2114\/revisions\/2124"}],"wp:attachment":[{"href":"https:\/\/borinmachineknives.se\/pl\/wp-json\/wp\/v2\/media?parent=2114"}],"curies":[{"name":"wp","href":"https:\/\/api.w.org\/{rel}","templated":true}]}}