{"id":210,"date":"2022-02-22T12:43:49","date_gmt":"2022-02-22T11:43:49","guid":{"rendered":"http:\/\/borinmachineknives.se\/?page_id=210"},"modified":"2022-09-29T13:30:24","modified_gmt":"2022-09-29T11:30:24","slug":"recycling","status":"publish","type":"page","link":"https:\/\/borinmachineknives.se\/pl\/recycling\/","title":{"rendered":"Recycling"},"content":{"rendered":"<div data-elementor-type=\"wp-page\" data-elementor-id=\"210\" class=\"elementor elementor-210\" data-elementor-post-type=\"page\">\n\t\t\t\t\t\t<section class=\"elementor-section elementor-top-section elementor-element elementor-element-1a3580c6 elementor-section-boxed elementor-section-height-default elementor-section-height-default\" data-id=\"1a3580c6\" data-element_type=\"section\" data-e-type=\"section\" data-settings=\"{&quot;background_background&quot;:&quot;classic&quot;}\">\n\t\t\t\t\t\t\t<div class=\"elementor-background-overlay\"><\/div>\n\t\t\t\t\t\t\t<div class=\"elementor-container elementor-column-gap-default\">\n\t\t\t\t\t<div class=\"elementor-column elementor-col-100 elementor-top-column elementor-element elementor-element-165616f0\" data-id=\"165616f0\" data-element_type=\"column\" data-e-type=\"column\">\n\t\t\t<div class=\"elementor-widget-wrap elementor-element-populated\">\n\t\t\t\t\t\t<section class=\"elementor-section elementor-inner-section elementor-element elementor-element-248aa1cc elementor-section-boxed elementor-section-height-default elementor-section-height-default\" data-id=\"248aa1cc\" data-element_type=\"section\" data-e-type=\"section\">\n\t\t\t\t\t\t<div class=\"elementor-container elementor-column-gap-default\">\n\t\t\t\t\t<div class=\"elementor-column elementor-col-50 elementor-inner-column elementor-element elementor-element-19510058\" data-id=\"19510058\" data-element_type=\"column\" data-e-type=\"column\">\n\t\t\t<div class=\"elementor-widget-wrap elementor-element-populated\">\n\t\t\t\t\t\t<div class=\"elementor-element elementor-element-406fcc6f elementor-widget elementor-widget-spacer\" data-id=\"406fcc6f\" data-element_type=\"widget\" data-e-type=\"widget\" data-widget_type=\"spacer.default\">\n\t\t\t\t<div class=\"elementor-widget-container\">\n\t\t\t\t\t\t\t<div class=\"elementor-spacer\">\n\t\t\t<div class=\"elementor-spacer-inner\"><\/div>\n\t\t<\/div>\n\t\t\t\t\t\t<\/div>\n\t\t\t\t<\/div>\n\t\t\t\t<div class=\"elementor-element elementor-element-4860d4c8 elementor-widget elementor-widget-heading\" data-id=\"4860d4c8\" data-element_type=\"widget\" data-e-type=\"widget\" data-widget_type=\"heading.default\">\n\t\t\t\t<div class=\"elementor-widget-container\">\n\t\t\t\t\t<h1 class=\"elementor-heading-title elementor-size-default\">Recycling <\/h1>\t\t\t\t<\/div>\n\t\t\t\t<\/div>\n\t\t\t\t<div class=\"elementor-element elementor-element-46b55456 elementor-widget elementor-widget-button\" data-id=\"46b55456\" data-element_type=\"widget\" data-e-type=\"widget\" data-widget_type=\"button.default\">\n\t\t\t\t<div class=\"elementor-widget-container\">\n\t\t\t\t\t\t\t\t\t<div class=\"elementor-button-wrapper\">\n\t\t\t\t\t<a class=\"elementor-button elementor-button-link elementor-size-sm\" href=\"http:\/\/borinmachineknives.se\/pl\/kontakta-oss\/\">\n\t\t\t\t\t\t<span class=\"elementor-button-content-wrapper\">\n\t\t\t\t\t\t\t\t\t<span class=\"elementor-button-text\">Kontakta oss<\/span>\n\t\t\t\t\t<\/span>\n\t\t\t\t\t<\/a>\n\t\t\t\t<\/div>\n\t\t\t\t\t\t\t\t<\/div>\n\t\t\t\t<\/div>\n\t\t\t\t<div class=\"elementor-element elementor-element-3810c9ab elementor-widget elementor-widget-spacer\" data-id=\"3810c9ab\" data-element_type=\"widget\" data-e-type=\"widget\" data-widget_type=\"spacer.default\">\n\t\t\t\t<div class=\"elementor-widget-container\">\n\t\t\t\t\t\t\t<div class=\"elementor-spacer\">\n\t\t\t<div class=\"elementor-spacer-inner\"><\/div>\n\t\t<\/div>\n\t\t\t\t\t\t<\/div>\n\t\t\t\t<\/div>\n\t\t\t\t\t<\/div>\n\t\t<\/div>\n\t\t\t\t<div class=\"elementor-column elementor-col-50 elementor-inner-column elementor-element elementor-element-2e55b16b\" data-id=\"2e55b16b\" data-element_type=\"column\" data-e-type=\"column\">\n\t\t\t<div class=\"elementor-widget-wrap elementor-element-populated\">\n\t\t\t\t\t\t<div class=\"elementor-element elementor-element-4c278574 elementor-widget elementor-widget-spacer\" data-id=\"4c278574\" data-element_type=\"widget\" data-e-type=\"widget\" data-widget_type=\"spacer.default\">\n\t\t\t\t<div class=\"elementor-widget-container\">\n\t\t\t\t\t\t\t<div class=\"elementor-spacer\">\n\t\t\t<div class=\"elementor-spacer-inner\"><\/div>\n\t\t<\/div>\n\t\t\t\t\t\t<\/div>\n\t\t\t\t<\/div>\n\t\t\t\t\t<\/div>\n\t\t<\/div>\n\t\t\t\t\t<\/div>\n\t\t<\/section>\n\t\t\t\t\t<\/div>\n\t\t<\/div>\n\t\t\t\t\t<\/div>\n\t\t<\/section>\n\t\t\t\t<section class=\"elementor-section elementor-top-section elementor-element elementor-element-51b64bdd elementor-section-boxed elementor-section-height-default elementor-section-height-default\" data-id=\"51b64bdd\" data-element_type=\"section\" data-e-type=\"section\">\n\t\t\t\t\t\t<div class=\"elementor-container elementor-column-gap-default\">\n\t\t\t\t\t<div class=\"elementor-column elementor-col-100 elementor-top-column elementor-element elementor-element-7acc9993\" data-id=\"7acc9993\" data-element_type=\"column\" data-e-type=\"column\">\n\t\t\t<div class=\"elementor-widget-wrap elementor-element-populated\">\n\t\t\t\t\t\t<div class=\"elementor-element elementor-element-52024a7c elementor-widget elementor-widget-text-editor\" data-id=\"52024a7c\" data-element_type=\"widget\" data-e-type=\"widget\" data-widget_type=\"text-editor.default\">\n\t\t\t\t<div class=\"elementor-widget-container\">\n\t\t\t\t\t\t\t\t\t<p>Vi levererar olika typer av knivar till recycling av papper, plast &amp; metall. Vi har knivar f\u00f6r de flesta granuleringsmaskiner. Kontakta oss s\u00e5 hj\u00e4lper vi er!<\/p>\t\t\t\t\t\t\t\t<\/div>\n\t\t\t\t<\/div>\n\t\t\t\t<section class=\"elementor-section elementor-inner-section elementor-element elementor-element-567ed1e0 elementor-section-boxed elementor-section-height-default elementor-section-height-default\" data-id=\"567ed1e0\" data-element_type=\"section\" data-e-type=\"section\">\n\t\t\t\t\t\t<div class=\"elementor-container elementor-column-gap-default\">\n\t\t\t\t\t<div class=\"elementor-column elementor-col-50 elementor-inner-column elementor-element elementor-element-21a342e7\" data-id=\"21a342e7\" data-element_type=\"column\" data-e-type=\"column\">\n\t\t\t<div class=\"elementor-widget-wrap elementor-element-populated\">\n\t\t\t\t\t\t<div class=\"elementor-element elementor-element-10f72ac2 elementor-widget elementor-widget-heading\" data-id=\"10f72ac2\" data-element_type=\"widget\" data-e-type=\"widget\" data-widget_type=\"heading.default\">\n\t\t\t\t<div class=\"elementor-widget-container\">\n\t\t\t\t\t<p class=\"elementor-heading-title elementor-size-default\">Tv\u00e4rknivar<\/p>\t\t\t\t<\/div>\n\t\t\t\t<\/div>\n\t\t\t\t<div class=\"elementor-element elementor-element-12774fd5 elementor-widget elementor-widget-image\" data-id=\"12774fd5\" data-element_type=\"widget\" data-e-type=\"widget\" data-widget_type=\"image.default\">\n\t\t\t\t<div class=\"elementor-widget-container\">\n\t\t\t\t\t\t\t\t\t\t\t\t\t\t\t<img decoding=\"async\" width=\"150\" height=\"150\" src=\"https:\/\/borinmachineknives.se\/wp-content\/uploads\/2022\/04\/Tvarkniv-papper-150x150.png\" class=\"attachment-thumbnail size-thumbnail wp-image-851\" alt=\"Tv\u00e4rknivar\" \/>\t\t\t\t\t\t\t\t\t\t\t\t\t\t\t<\/div>\n\t\t\t\t<\/div>\n\t\t\t\t<div class=\"elementor-element elementor-element-372bd07c elementor-align-center elementor-widget elementor-widget-button\" data-id=\"372bd07c\" data-element_type=\"widget\" data-e-type=\"widget\" data-widget_type=\"button.default\">\n\t\t\t\t<div class=\"elementor-widget-container\">\n\t\t\t\t\t\t\t\t\t<div class=\"elementor-button-wrapper\">\n\t\t\t\t\t<a class=\"elementor-button elementor-button-link elementor-size-sm\" href=\"http:\/\/borinmachineknives.se\/pl\/tvarknivar\/\">\n\t\t\t\t\t\t<span class=\"elementor-button-content-wrapper\">\n\t\t\t\t\t\t\t\t\t<span class=\"elementor-button-text\">L\u00e4s mer!<\/span>\n\t\t\t\t\t<\/span>\n\t\t\t\t\t<\/a>\n\t\t\t\t<\/div>\n\t\t\t\t\t\t\t\t<\/div>\n\t\t\t\t<\/div>\n\t\t\t\t\t<\/div>\n\t\t<\/div>\n\t\t\t\t<div class=\"elementor-column elementor-col-50 elementor-inner-column elementor-element elementor-element-442bba8\" data-id=\"442bba8\" data-element_type=\"column\" data-e-type=\"column\">\n\t\t\t<div class=\"elementor-widget-wrap elementor-element-populated\">\n\t\t\t\t\t\t<div class=\"elementor-element elementor-element-16b4d83 elementor-widget elementor-widget-heading\" data-id=\"16b4d83\" data-element_type=\"widget\" data-e-type=\"widget\" data-widget_type=\"heading.default\">\n\t\t\t\t<div class=\"elementor-widget-container\">\n\t\t\t\t\t<p class=\"elementor-heading-title elementor-size-default\">Granuleringsknivar<\/p>\t\t\t\t<\/div>\n\t\t\t\t<\/div>\n\t\t\t\t<div class=\"elementor-element elementor-element-1c53a29 elementor-widget elementor-widget-image\" data-id=\"1c53a29\" data-element_type=\"widget\" data-e-type=\"widget\" data-widget_type=\"image.default\">\n\t\t\t\t<div class=\"elementor-widget-container\">\n\t\t\t\t\t\t\t\t\t\t\t\t\t\t\t<img decoding=\"async\" width=\"150\" height=\"150\" src=\"https:\/\/borinmachineknives.se\/wp-content\/uploads\/2022\/03\/granuleringskniv-2-150x150.jpg\" class=\"attachment-thumbnail size-thumbnail wp-image-347\" alt=\"Granuleringsknivar\" srcset=\"https:\/\/borinmachineknives.se\/wp-content\/uploads\/2022\/03\/granuleringskniv-2-150x150.jpg 150w, https:\/\/borinmachineknives.se\/wp-content\/uploads\/2022\/03\/granuleringskniv-2-300x300.jpg 300w, https:\/\/borinmachineknives.se\/wp-content\/uploads\/2022\/03\/granuleringskniv-2-1024x1024.jpg 1024w, https:\/\/borinmachineknives.se\/wp-content\/uploads\/2022\/03\/granuleringskniv-2-768x768.jpg 768w, https:\/\/borinmachineknives.se\/wp-content\/uploads\/2022\/03\/granuleringskniv-2-1536x1536.jpg 1536w, https:\/\/borinmachineknives.se\/wp-content\/uploads\/2022\/03\/granuleringskniv-2.jpg 2000w\" sizes=\"(max-width: 150px) 100vw, 150px\" \/>\t\t\t\t\t\t\t\t\t\t\t\t\t\t\t<\/div>\n\t\t\t\t<\/div>\n\t\t\t\t<div class=\"elementor-element elementor-element-75f976f elementor-align-center elementor-widget elementor-widget-button\" data-id=\"75f976f\" data-element_type=\"widget\" data-e-type=\"widget\" data-widget_type=\"button.default\">\n\t\t\t\t<div class=\"elementor-widget-container\">\n\t\t\t\t\t\t\t\t\t<div class=\"elementor-button-wrapper\">\n\t\t\t\t\t<a class=\"elementor-button elementor-button-link elementor-size-sm\" href=\"http:\/\/borinmachineknives.se\/pl\/granuleringsknivar\/\">\n\t\t\t\t\t\t<span class=\"elementor-button-content-wrapper\">\n\t\t\t\t\t\t\t\t\t<span class=\"elementor-button-text\">L\u00e4s mer!<\/span>\n\t\t\t\t\t<\/span>\n\t\t\t\t\t<\/a>\n\t\t\t\t<\/div>\n\t\t\t\t\t\t\t\t<\/div>\n\t\t\t\t<\/div>\n\t\t\t\t\t<\/div>\n\t\t<\/div>\n\t\t\t\t\t<\/div>\n\t\t<\/section>\n\t\t\t\t\t<\/div>\n\t\t<\/div>\n\t\t\t\t\t<\/div>\n\t\t<\/section>\n\t\t\t\t<section class=\"elementor-section elementor-top-section elementor-element elementor-element-65cb93a1 elementor-section-boxed elementor-section-height-default elementor-section-height-default\" data-id=\"65cb93a1\" data-element_type=\"section\" data-e-type=\"section\" data-settings=\"{&quot;background_background&quot;:&quot;classic&quot;}\">\n\t\t\t\t\t\t<div class=\"elementor-container elementor-column-gap-default\">\n\t\t\t\t\t<div class=\"elementor-column elementor-col-50 elementor-top-column elementor-element elementor-element-50e9c534\" data-id=\"50e9c534\" data-element_type=\"column\" data-e-type=\"column\">\n\t\t\t<div class=\"elementor-widget-wrap elementor-element-populated\">\n\t\t\t\t\t\t<div class=\"elementor-element elementor-element-494bbe57 elementor-widget elementor-widget-heading\" data-id=\"494bbe57\" data-element_type=\"widget\" data-e-type=\"widget\" data-widget_type=\"heading.default\">\n\t\t\t\t<div class=\"elementor-widget-container\">\n\t\t\t\t\t<p class=\"elementor-heading-title elementor-size-default\">Kontakta oss g\u00e4rna<\/p>\t\t\t\t<\/div>\n\t\t\t\t<\/div>\n\t\t\t\t<div class=\"elementor-element elementor-element-0111670 elementor-widget elementor-widget-text-editor\" data-id=\"0111670\" data-element_type=\"widget\" data-e-type=\"widget\" data-widget_type=\"text-editor.default\">\n\t\t\t\t<div class=\"elementor-widget-container\">\n\t\t\t\t\t\t\t\t\t<p>Tveka inte att h\u00f6ra av er till oss s\u00e5 hj\u00e4lper vi er med stort och sm\u00e5tt. Vi tar fram r\u00e4tt kniv med hj\u00e4lp av er ritning, prov eller om ni har artikelnummer p\u00e5 en existerande kniv eller h\u00e5llare. Beh\u00f6ver ni bes\u00f6k till er verksamhet f\u00f6r att se \u00f6ver behovet av\u00a0 maskinknivar kommer vi g\u00e4rna ut till er.<\/p>\t\t\t\t\t\t\t\t<\/div>\n\t\t\t\t<\/div>\n\t\t\t\t<div class=\"elementor-element elementor-element-3ca2592 elementor-widget elementor-widget-text-editor\" data-id=\"3ca2592\" data-element_type=\"widget\" data-e-type=\"widget\" data-widget_type=\"text-editor.default\">\n\t\t\t\t<div class=\"elementor-widget-container\">\n\t\t\t\t\t\t\t\t\t<p>Kika g\u00e4rna in v\u00e5ra andra hemsidor <strong><a href=\"https:\/\/www.borin.se\/\">Borin.se<\/a><\/strong> och <strong><a href=\"https:\/\/sakerhetsknivar.se\/\">sakerhetsknivar.se<\/a><\/strong><\/p>\t\t\t\t\t\t\t\t<\/div>\n\t\t\t\t<\/div>\n\t\t\t\t\t<\/div>\n\t\t<\/div>\n\t\t\t\t<div class=\"elementor-column elementor-col-50 elementor-top-column elementor-element elementor-element-1d603ac9\" data-id=\"1d603ac9\" data-element_type=\"column\" data-e-type=\"column\">\n\t\t\t<div class=\"elementor-widget-wrap elementor-element-populated\">\n\t\t\t\t\t\t<div class=\"elementor-element elementor-element-29be5b90 elementor-widget elementor-widget-spacer\" data-id=\"29be5b90\" data-element_type=\"widget\" data-e-type=\"widget\" data-widget_type=\"spacer.default\">\n\t\t\t\t<div class=\"elementor-widget-container\">\n\t\t\t\t\t\t\t<div class=\"elementor-spacer\">\n\t\t\t<div class=\"elementor-spacer-inner\"><\/div>\n\t\t<\/div>\n\t\t\t\t\t\t<\/div>\n\t\t\t\t<\/div>\n\t\t\t\t<div class=\"elementor-element elementor-element-3a0a241f elementor-widget elementor-widget-button\" data-id=\"3a0a241f\" data-element_type=\"widget\" data-e-type=\"widget\" data-widget_type=\"button.default\">\n\t\t\t\t<div class=\"elementor-widget-container\">\n\t\t\t\t\t\t\t\t\t<div class=\"elementor-button-wrapper\">\n\t\t\t\t\t<a class=\"elementor-button elementor-button-link elementor-size-sm\" href=\"http:\/\/borinmachineknives.se\/pl\/kontakta-oss\/\">\n\t\t\t\t\t\t<span class=\"elementor-button-content-wrapper\">\n\t\t\t\t\t\t\t\t\t<span class=\"elementor-button-text\">Kontakta oss!<\/span>\n\t\t\t\t\t<\/span>\n\t\t\t\t\t<\/a>\n\t\t\t\t<\/div>\n\t\t\t\t\t\t\t\t<\/div>\n\t\t\t\t<\/div>\n\t\t\t\t\t<\/div>\n\t\t<\/div>\n\t\t\t\t\t<\/div>\n\t\t<\/section>\n\t\t\t\t<\/div>","protected":false},"excerpt":{"rendered":"<p>Recycling Kontakta oss Vi levererar olika typer av knivar till recycling av papper, plast &amp; metall. Vi har knivar f\u00f6r de flesta granuleringsmaskiner. Kontakta oss s\u00e5 hj\u00e4lper vi er! Tv\u00e4rknivar L\u00e4s mer! Granuleringsknivar L\u00e4s mer! Kontakta oss g\u00e4rna Tveka inte att h\u00f6ra av er till oss s\u00e5 hj\u00e4lper vi er med stort och sm\u00e5tt. Vi&hellip;&nbsp;<\/p>","protected":false},"author":1,"featured_media":731,"parent":0,"menu_order":0,"comment_status":"closed","ping_status":"closed","template":"elementor_header_footer","meta":{"_monsterinsights_skip_tracking":false,"_monsterinsights_sitenote_active":false,"_monsterinsights_sitenote_note":"","_monsterinsights_sitenote_category":0,"neve_meta_sidebar":"","neve_meta_container":"","neve_meta_enable_content_width":"","neve_meta_content_width":0,"neve_meta_title_alignment":"","neve_meta_author_avatar":"","neve_post_elements_order":"","neve_meta_disable_header":"","neve_meta_disable_footer":"","neve_meta_disable_title":"","footnotes":""},"class_list":["post-210","page","type-page","status-publish","has-post-thumbnail","hentry"],"yoast_head":"<!-- This site is optimized with the Yoast SEO plugin v27.5 - https:\/\/yoast.com\/product\/yoast-seo-wordpress\/ -->\n<title>Recycling - Borinmachineknives<\/title>\n<meta name=\"description\" content=\"Recycling - Vi levererar olika typer av knivar till recycling av papper, plast &amp; metall. Vi har knivar f\u00f6r de flesta granuleringsmaskiner!\" \/>\n<meta name=\"robots\" content=\"index, follow, max-snippet:-1, max-image-preview:large, max-video-preview:-1\" \/>\n<link rel=\"canonical\" href=\"https:\/\/borinmachineknives.se\/pl\/recycling\/\" \/>\n<meta property=\"og:locale\" content=\"pl_PL\" \/>\n<meta property=\"og:type\" content=\"article\" \/>\n<meta property=\"og:title\" content=\"Recycling - Borinmachineknives\" \/>\n<meta property=\"og:description\" content=\"Recycling - Vi levererar olika typer av knivar till recycling av papper, plast &amp; metall. Vi har knivar f\u00f6r de flesta granuleringsmaskiner!\" \/>\n<meta property=\"og:url\" content=\"https:\/\/borinmachineknives.se\/pl\/recycling\/\" \/>\n<meta property=\"og:site_name\" content=\"Borinmachineknives\" \/>\n<meta property=\"article:modified_time\" content=\"2022-09-29T11:30:24+00:00\" \/>\n<meta property=\"og:image\" content=\"https:\/\/borinmachineknives.se\/wp-content\/uploads\/2022\/03\/borins_produktbild_26.jpg\" \/>\n\t<meta property=\"og:image:width\" content=\"2000\" \/>\n\t<meta property=\"og:image:height\" content=\"2000\" \/>\n\t<meta property=\"og:image:type\" content=\"image\/jpeg\" \/>\n<meta name=\"twitter:card\" content=\"summary_large_image\" \/>\n<meta name=\"twitter:label1\" content=\"Szacowany czas czytania\" \/>\n\t<meta name=\"twitter:data1\" content=\"1 minuta\" \/>\n<script type=\"application\/ld+json\" class=\"yoast-schema-graph\">{\"@context\":\"https:\\\/\\\/schema.org\",\"@graph\":[{\"@type\":\"WebPage\",\"@id\":\"https:\\\/\\\/borinmachineknives.se\\\/recycling\\\/\",\"url\":\"https:\\\/\\\/borinmachineknives.se\\\/recycling\\\/\",\"name\":\"Recycling - Borinmachineknives\",\"isPartOf\":{\"@id\":\"https:\\\/\\\/borinmachineknives.se\\\/#website\"},\"primaryImageOfPage\":{\"@id\":\"https:\\\/\\\/borinmachineknives.se\\\/recycling\\\/#primaryimage\"},\"image\":{\"@id\":\"https:\\\/\\\/borinmachineknives.se\\\/recycling\\\/#primaryimage\"},\"thumbnailUrl\":\"https:\\\/\\\/borinmachineknives.se\\\/wp-content\\\/uploads\\\/2022\\\/03\\\/borins_produktbild_26.jpg\",\"datePublished\":\"2022-02-22T11:43:49+00:00\",\"dateModified\":\"2022-09-29T11:30:24+00:00\",\"description\":\"Recycling - Vi levererar olika typer av knivar till recycling av papper, plast & metall. Vi har knivar f\u00f6r de flesta granuleringsmaskiner!\",\"breadcrumb\":{\"@id\":\"https:\\\/\\\/borinmachineknives.se\\\/recycling\\\/#breadcrumb\"},\"inLanguage\":\"pl-PL\",\"potentialAction\":[{\"@type\":\"ReadAction\",\"target\":[\"https:\\\/\\\/borinmachineknives.se\\\/recycling\\\/\"]}]},{\"@type\":\"ImageObject\",\"inLanguage\":\"pl-PL\",\"@id\":\"https:\\\/\\\/borinmachineknives.se\\\/recycling\\\/#primaryimage\",\"url\":\"https:\\\/\\\/borinmachineknives.se\\\/wp-content\\\/uploads\\\/2022\\\/03\\\/borins_produktbild_26.jpg\",\"contentUrl\":\"https:\\\/\\\/borinmachineknives.se\\\/wp-content\\\/uploads\\\/2022\\\/03\\\/borins_produktbild_26.jpg\",\"width\":2000,\"height\":2000,\"caption\":\"recycling\"},{\"@type\":\"BreadcrumbList\",\"@id\":\"https:\\\/\\\/borinmachineknives.se\\\/recycling\\\/#breadcrumb\",\"itemListElement\":[{\"@type\":\"ListItem\",\"position\":1,\"name\":\"Hem\",\"item\":\"https:\\\/\\\/borinmachineknives.se\\\/\"},{\"@type\":\"ListItem\",\"position\":2,\"name\":\"Recycling\"}]},{\"@type\":\"WebSite\",\"@id\":\"https:\\\/\\\/borinmachineknives.se\\\/#website\",\"url\":\"https:\\\/\\\/borinmachineknives.se\\\/\",\"name\":\"Borinmachineknives\",\"description\":\"Proffs p\u00e5 maskinknivar sedan 1977\",\"potentialAction\":[{\"@type\":\"SearchAction\",\"target\":{\"@type\":\"EntryPoint\",\"urlTemplate\":\"https:\\\/\\\/borinmachineknives.se\\\/?s={search_term_string}\"},\"query-input\":{\"@type\":\"PropertyValueSpecification\",\"valueRequired\":true,\"valueName\":\"search_term_string\"}}],\"inLanguage\":\"pl-PL\"}]}<\/script>\n<!-- \/ Yoast SEO plugin. -->","yoast_head_json":{"title":"Recycling - Borinmachineknives","description":"Recycling - Vi levererar olika typer av knivar till recycling av papper, plast & metall. Vi har knivar f\u00f6r de flesta granuleringsmaskiner!","robots":{"index":"index","follow":"follow","max-snippet":"max-snippet:-1","max-image-preview":"max-image-preview:large","max-video-preview":"max-video-preview:-1"},"canonical":"https:\/\/borinmachineknives.se\/pl\/recycling\/","og_locale":"pl_PL","og_type":"article","og_title":"Recycling - Borinmachineknives","og_description":"Recycling - Vi levererar olika typer av knivar till recycling av papper, plast & metall. Vi har knivar f\u00f6r de flesta granuleringsmaskiner!","og_url":"https:\/\/borinmachineknives.se\/pl\/recycling\/","og_site_name":"Borinmachineknives","article_modified_time":"2022-09-29T11:30:24+00:00","og_image":[{"width":2000,"height":2000,"url":"https:\/\/borinmachineknives.se\/wp-content\/uploads\/2022\/03\/borins_produktbild_26.jpg","type":"image\/jpeg"}],"twitter_card":"summary_large_image","twitter_misc":{"Szacowany czas czytania":"1 minuta"},"schema":{"@context":"https:\/\/schema.org","@graph":[{"@type":"WebPage","@id":"https:\/\/borinmachineknives.se\/recycling\/","url":"https:\/\/borinmachineknives.se\/recycling\/","name":"Recycling - Borinmachineknives","isPartOf":{"@id":"https:\/\/borinmachineknives.se\/#website"},"primaryImageOfPage":{"@id":"https:\/\/borinmachineknives.se\/recycling\/#primaryimage"},"image":{"@id":"https:\/\/borinmachineknives.se\/recycling\/#primaryimage"},"thumbnailUrl":"https:\/\/borinmachineknives.se\/wp-content\/uploads\/2022\/03\/borins_produktbild_26.jpg","datePublished":"2022-02-22T11:43:49+00:00","dateModified":"2022-09-29T11:30:24+00:00","description":"Recycling - Vi levererar olika typer av knivar till recycling av papper, plast & metall. Vi har knivar f\u00f6r de flesta granuleringsmaskiner!","breadcrumb":{"@id":"https:\/\/borinmachineknives.se\/recycling\/#breadcrumb"},"inLanguage":"pl-PL","potentialAction":[{"@type":"ReadAction","target":["https:\/\/borinmachineknives.se\/recycling\/"]}]},{"@type":"ImageObject","inLanguage":"pl-PL","@id":"https:\/\/borinmachineknives.se\/recycling\/#primaryimage","url":"https:\/\/borinmachineknives.se\/wp-content\/uploads\/2022\/03\/borins_produktbild_26.jpg","contentUrl":"https:\/\/borinmachineknives.se\/wp-content\/uploads\/2022\/03\/borins_produktbild_26.jpg","width":2000,"height":2000,"caption":"recycling"},{"@type":"BreadcrumbList","@id":"https:\/\/borinmachineknives.se\/recycling\/#breadcrumb","itemListElement":[{"@type":"ListItem","position":1,"name":"Hem","item":"https:\/\/borinmachineknives.se\/"},{"@type":"ListItem","position":2,"name":"Recycling"}]},{"@type":"WebSite","@id":"https:\/\/borinmachineknives.se\/#website","url":"https:\/\/borinmachineknives.se\/","name":"Borinmachineknives","description":"Proffs p\u00e5 maskinknivar sedan 1977","potentialAction":[{"@type":"SearchAction","target":{"@type":"EntryPoint","urlTemplate":"https:\/\/borinmachineknives.se\/?s={search_term_string}"},"query-input":{"@type":"PropertyValueSpecification","valueRequired":true,"valueName":"search_term_string"}}],"inLanguage":"pl-PL"}]}},"_links":{"self":[{"href":"https:\/\/borinmachineknives.se\/pl\/wp-json\/wp\/v2\/pages\/210","targetHints":{"allow":["GET"]}}],"collection":[{"href":"https:\/\/borinmachineknives.se\/pl\/wp-json\/wp\/v2\/pages"}],"about":[{"href":"https:\/\/borinmachineknives.se\/pl\/wp-json\/wp\/v2\/types\/page"}],"author":[{"embeddable":true,"href":"https:\/\/borinmachineknives.se\/pl\/wp-json\/wp\/v2\/users\/1"}],"replies":[{"embeddable":true,"href":"https:\/\/borinmachineknives.se\/pl\/wp-json\/wp\/v2\/comments?post=210"}],"version-history":[{"count":4,"href":"https:\/\/borinmachineknives.se\/pl\/wp-json\/wp\/v2\/pages\/210\/revisions"}],"predecessor-version":[{"id":2277,"href":"https:\/\/borinmachineknives.se\/pl\/wp-json\/wp\/v2\/pages\/210\/revisions\/2277"}],"wp:featuredmedia":[{"embeddable":true,"href":"https:\/\/borinmachineknives.se\/pl\/wp-json\/wp\/v2\/media\/731"}],"wp:attachment":[{"href":"https:\/\/borinmachineknives.se\/pl\/wp-json\/wp\/v2\/media?parent=210"}],"curies":[{"name":"wp","href":"https:\/\/api.w.org\/{rel}","templated":true}]}}