{"id":391,"date":"2022-03-08T09:30:31","date_gmt":"2022-03-08T08:30:31","guid":{"rendered":"http:\/\/borinmachineknives.se\/?page_id=391"},"modified":"2022-09-29T12:29:23","modified_gmt":"2022-09-29T10:29:23","slug":"pelletizer-knives","status":"publish","type":"page","link":"https:\/\/borinmachineknives.se\/en\/pelletiseringsknivar\/","title":{"rendered":"Pelletizer knives"},"content":{"rendered":"<div data-elementor-type=\"wp-page\" data-elementor-id=\"391\" class=\"elementor elementor-391\" data-elementor-post-type=\"page\">\n\t\t\t\t\t\t<section class=\"elementor-section elementor-top-section elementor-element elementor-element-38e75023 elementor-section-boxed elementor-section-height-default elementor-section-height-default\" data-id=\"38e75023\" data-element_type=\"section\" data-e-type=\"section\" data-settings=\"{&quot;background_background&quot;:&quot;classic&quot;}\">\n\t\t\t\t\t\t\t<div class=\"elementor-background-overlay\"><\/div>\n\t\t\t\t\t\t\t<div class=\"elementor-container elementor-column-gap-default\">\n\t\t\t\t\t<div class=\"elementor-column elementor-col-100 elementor-top-column elementor-element elementor-element-3b031889\" data-id=\"3b031889\" data-element_type=\"column\" data-e-type=\"column\">\n\t\t\t<div class=\"elementor-widget-wrap elementor-element-populated\">\n\t\t\t\t\t\t<section class=\"elementor-section elementor-inner-section elementor-element elementor-element-dd240cb elementor-section-boxed elementor-section-height-default elementor-section-height-default\" data-id=\"dd240cb\" data-element_type=\"section\" data-e-type=\"section\">\n\t\t\t\t\t\t<div class=\"elementor-container elementor-column-gap-default\">\n\t\t\t\t\t<div class=\"elementor-column elementor-col-50 elementor-inner-column elementor-element elementor-element-6dc3f78a\" data-id=\"6dc3f78a\" data-element_type=\"column\" data-e-type=\"column\">\n\t\t\t<div class=\"elementor-widget-wrap elementor-element-populated\">\n\t\t\t\t\t\t<div class=\"elementor-element elementor-element-48cb34a8 elementor-widget elementor-widget-spacer\" data-id=\"48cb34a8\" data-element_type=\"widget\" data-e-type=\"widget\" data-widget_type=\"spacer.default\">\n\t\t\t\t<div class=\"elementor-widget-container\">\n\t\t\t\t\t\t\t<div class=\"elementor-spacer\">\n\t\t\t<div class=\"elementor-spacer-inner\"><\/div>\n\t\t<\/div>\n\t\t\t\t\t\t<\/div>\n\t\t\t\t<\/div>\n\t\t\t\t<div class=\"elementor-element elementor-element-4d41fc34 elementor-widget elementor-widget-heading\" data-id=\"4d41fc34\" data-element_type=\"widget\" data-e-type=\"widget\" data-widget_type=\"heading.default\">\n\t\t\t\t<div class=\"elementor-widget-container\">\n\t\t\t\t\t<h1 class=\"elementor-heading-title elementor-size-default\">Pelletizer knives<\/h1>\t\t\t\t<\/div>\n\t\t\t\t<\/div>\n\t\t\t\t<div class=\"elementor-element elementor-element-15700b5 elementor-widget elementor-widget-button\" data-id=\"15700b5\" data-element_type=\"widget\" data-e-type=\"widget\" data-widget_type=\"button.default\">\n\t\t\t\t<div class=\"elementor-widget-container\">\n\t\t\t\t\t\t\t\t\t<div class=\"elementor-button-wrapper\">\n\t\t\t\t\t<a class=\"elementor-button elementor-button-link elementor-size-sm\" href=\"http:\/\/borinmachineknives.se\/en\/kontakta-oss\/\">\n\t\t\t\t\t\t<span class=\"elementor-button-content-wrapper\">\n\t\t\t\t\t\t\t\t\t<span class=\"elementor-button-text\">Contact us<\/span>\n\t\t\t\t\t<\/span>\n\t\t\t\t\t<\/a>\n\t\t\t\t<\/div>\n\t\t\t\t\t\t\t\t<\/div>\n\t\t\t\t<\/div>\n\t\t\t\t<div class=\"elementor-element elementor-element-4415f5e2 elementor-widget elementor-widget-spacer\" data-id=\"4415f5e2\" data-element_type=\"widget\" data-e-type=\"widget\" data-widget_type=\"spacer.default\">\n\t\t\t\t<div class=\"elementor-widget-container\">\n\t\t\t\t\t\t\t<div class=\"elementor-spacer\">\n\t\t\t<div class=\"elementor-spacer-inner\"><\/div>\n\t\t<\/div>\n\t\t\t\t\t\t<\/div>\n\t\t\t\t<\/div>\n\t\t\t\t\t<\/div>\n\t\t<\/div>\n\t\t\t\t<div class=\"elementor-column elementor-col-50 elementor-inner-column elementor-element elementor-element-4901f799\" data-id=\"4901f799\" data-element_type=\"column\" data-e-type=\"column\">\n\t\t\t<div class=\"elementor-widget-wrap elementor-element-populated\">\n\t\t\t\t\t\t<div class=\"elementor-element elementor-element-79f421b elementor-widget elementor-widget-spacer\" data-id=\"79f421b\" data-element_type=\"widget\" data-e-type=\"widget\" data-widget_type=\"spacer.default\">\n\t\t\t\t<div class=\"elementor-widget-container\">\n\t\t\t\t\t\t\t<div class=\"elementor-spacer\">\n\t\t\t<div class=\"elementor-spacer-inner\"><\/div>\n\t\t<\/div>\n\t\t\t\t\t\t<\/div>\n\t\t\t\t<\/div>\n\t\t\t\t\t<\/div>\n\t\t<\/div>\n\t\t\t\t\t<\/div>\n\t\t<\/section>\n\t\t\t\t\t<\/div>\n\t\t<\/div>\n\t\t\t\t\t<\/div>\n\t\t<\/section>\n\t\t\t\t<section class=\"elementor-section elementor-top-section elementor-element elementor-element-706a9e5e elementor-section-boxed elementor-section-height-default elementor-section-height-default\" data-id=\"706a9e5e\" data-element_type=\"section\" data-e-type=\"section\" data-settings=\"{&quot;background_background&quot;:&quot;classic&quot;}\">\n\t\t\t\t\t\t<div class=\"elementor-container elementor-column-gap-default\">\n\t\t\t\t\t<div class=\"elementor-column elementor-col-50 elementor-top-column elementor-element elementor-element-617a52c7\" data-id=\"617a52c7\" data-element_type=\"column\" data-e-type=\"column\">\n\t\t\t<div class=\"elementor-widget-wrap elementor-element-populated\">\n\t\t\t\t\t\t<div class=\"elementor-element elementor-element-681a4819 elementor-widget elementor-widget-text-editor\" data-id=\"681a4819\" data-element_type=\"widget\" data-e-type=\"widget\" data-widget_type=\"text-editor.default\">\n\t\t\t\t<div class=\"elementor-widget-container\">\n\t\t\t\t\t\t\t\t\t<p>We supply pelletizer knives for extrusion of various plastics. Made of different tool steels and HSS\u00a0<span style=\"font-family: var( --e-global-typography-text-font-family ), Sans-serif; font-weight: var( --e-global-typography-text-font-weight ); font-size: var(--bodyFontSize); letter-spacing: var(--bodyLetterSpacing); text-transform: var(--bodyTextTransform);\">We manufacture your knives according to your drawing or sample in a material of your choice that\u2019s suitable for your application. Our knives are made of high quality materials for best possible durability and performance. We always prioritise quality over quantity and our customers have put their trust in us for over 40 years. We would love for you to order your pelletizer knives from us too!<\/span><\/p>\t\t\t\t\t\t\t\t<\/div>\n\t\t\t\t<\/div>\n\t\t\t\t\t<\/div>\n\t\t<\/div>\n\t\t\t\t<div class=\"elementor-column elementor-col-50 elementor-top-column elementor-element elementor-element-3cf89830\" data-id=\"3cf89830\" data-element_type=\"column\" data-e-type=\"column\">\n\t\t\t<div class=\"elementor-widget-wrap elementor-element-populated\">\n\t\t\t\t\t\t<div class=\"elementor-element elementor-element-455447b4 elementor-align-start elementor-icon-list--layout-traditional elementor-list-item-link-full_width elementor-widget elementor-widget-icon-list\" data-id=\"455447b4\" data-element_type=\"widget\" data-e-type=\"widget\" data-widget_type=\"icon-list.default\">\n\t\t\t\t<div class=\"elementor-widget-container\">\n\t\t\t\t\t\t\t<ul class=\"elementor-icon-list-items\">\n\t\t\t\t\t\t\t<li class=\"elementor-icon-list-item\">\n\t\t\t\t\t\t\t\t\t\t\t<span class=\"elementor-icon-list-icon\">\n\t\t\t\t\t\t\t<i aria-hidden=\"true\" class=\"fas fa-check-circle\"><\/i>\t\t\t\t\t\t<\/span>\n\t\t\t\t\t\t\t\t\t\t<span class=\"elementor-icon-list-text\">All kinds of pelletizer knives for the processing industry<\/span>\n\t\t\t\t\t\t\t\t\t<\/li>\n\t\t\t\t\t\t\t\t<li class=\"elementor-icon-list-item\">\n\t\t\t\t\t\t\t\t\t\t\t<span class=\"elementor-icon-list-icon\">\n\t\t\t\t\t\t\t<i aria-hidden=\"true\" class=\"fas fa-check-circle\"><\/i>\t\t\t\t\t\t<\/span>\n\t\t\t\t\t\t\t\t\t\t<span class=\"elementor-icon-list-text\">More than 40 years experience<\/span>\n\t\t\t\t\t\t\t\t\t<\/li>\n\t\t\t\t\t\t\t\t<li class=\"elementor-icon-list-item\">\n\t\t\t\t\t\t\t\t\t\t\t<span class=\"elementor-icon-list-icon\">\n\t\t\t\t\t\t\t<i aria-hidden=\"true\" class=\"fas fa-check-circle\"><\/i>\t\t\t\t\t\t<\/span>\n\t\t\t\t\t\t\t\t\t\t<span class=\"elementor-icon-list-text\">Manufactured based on your drawing or sample<\/span>\n\t\t\t\t\t\t\t\t\t<\/li>\n\t\t\t\t\t\t<\/ul>\n\t\t\t\t\t\t<\/div>\n\t\t\t\t<\/div>\n\t\t\t\t\t<\/div>\n\t\t<\/div>\n\t\t\t\t\t<\/div>\n\t\t<\/section>\n\t\t\t\t<section class=\"elementor-section elementor-top-section elementor-element elementor-element-31f2eae elementor-section-boxed elementor-section-height-default elementor-section-height-default\" data-id=\"31f2eae\" data-element_type=\"section\" data-e-type=\"section\">\n\t\t\t\t\t\t<div class=\"elementor-container elementor-column-gap-default\">\n\t\t\t\t\t<div class=\"elementor-column elementor-col-50 elementor-top-column elementor-element elementor-element-b6316b3\" data-id=\"b6316b3\" data-element_type=\"column\" data-e-type=\"column\">\n\t\t\t<div class=\"elementor-widget-wrap elementor-element-populated\">\n\t\t\t\t\t\t<div class=\"elementor-element elementor-element-7c74279 elementor-widget elementor-widget-image\" data-id=\"7c74279\" data-element_type=\"widget\" data-e-type=\"widget\" data-widget_type=\"image.default\">\n\t\t\t\t<div class=\"elementor-widget-container\">\n\t\t\t\t\t\t\t\t\t\t\t\t\t\t\t<img fetchpriority=\"high\" decoding=\"async\" width=\"300\" height=\"300\" src=\"https:\/\/borinmachineknives.se\/wp-content\/uploads\/2022\/09\/pelleteringsknivv-300x300.jpg\" class=\"attachment-medium size-medium wp-image-2160\" alt=\"Pelleteringskniv\" srcset=\"https:\/\/borinmachineknives.se\/wp-content\/uploads\/2022\/09\/pelleteringsknivv-300x300.jpg 300w, https:\/\/borinmachineknives.se\/wp-content\/uploads\/2022\/09\/pelleteringsknivv-1024x1024.jpg 1024w, https:\/\/borinmachineknives.se\/wp-content\/uploads\/2022\/09\/pelleteringsknivv-150x150.jpg 150w, https:\/\/borinmachineknives.se\/wp-content\/uploads\/2022\/09\/pelleteringsknivv-768x768.jpg 768w, https:\/\/borinmachineknives.se\/wp-content\/uploads\/2022\/09\/pelleteringsknivv-1536x1536.jpg 1536w, https:\/\/borinmachineknives.se\/wp-content\/uploads\/2022\/09\/pelleteringsknivv-12x12.jpg 12w, https:\/\/borinmachineknives.se\/wp-content\/uploads\/2022\/09\/pelleteringsknivv.jpg 2000w\" sizes=\"(max-width: 300px) 100vw, 300px\" \/>\t\t\t\t\t\t\t\t\t\t\t\t\t\t\t<\/div>\n\t\t\t\t<\/div>\n\t\t\t\t\t<\/div>\n\t\t<\/div>\n\t\t\t\t<div class=\"elementor-column elementor-col-50 elementor-top-column elementor-element elementor-element-de03c4f\" data-id=\"de03c4f\" data-element_type=\"column\" data-e-type=\"column\">\n\t\t\t<div class=\"elementor-widget-wrap elementor-element-populated\">\n\t\t\t\t\t\t<div class=\"elementor-element elementor-element-9218a9a elementor-widget elementor-widget-image\" data-id=\"9218a9a\" data-element_type=\"widget\" data-e-type=\"widget\" data-widget_type=\"image.default\">\n\t\t\t\t<div class=\"elementor-widget-container\">\n\t\t\t\t\t\t\t\t\t\t\t\t\t\t\t<img decoding=\"async\" width=\"300\" height=\"300\" src=\"https:\/\/borinmachineknives.se\/wp-content\/uploads\/2022\/09\/pelleteringskniv-300x300.jpg\" class=\"attachment-medium size-medium wp-image-2156\" alt=\"Pelleteringskniv\" srcset=\"https:\/\/borinmachineknives.se\/wp-content\/uploads\/2022\/09\/pelleteringskniv-300x300.jpg 300w, https:\/\/borinmachineknives.se\/wp-content\/uploads\/2022\/09\/pelleteringskniv-1024x1024.jpg 1024w, https:\/\/borinmachineknives.se\/wp-content\/uploads\/2022\/09\/pelleteringskniv-150x150.jpg 150w, https:\/\/borinmachineknives.se\/wp-content\/uploads\/2022\/09\/pelleteringskniv-768x768.jpg 768w, https:\/\/borinmachineknives.se\/wp-content\/uploads\/2022\/09\/pelleteringskniv-1536x1536.jpg 1536w, https:\/\/borinmachineknives.se\/wp-content\/uploads\/2022\/09\/pelleteringskniv-12x12.jpg 12w, https:\/\/borinmachineknives.se\/wp-content\/uploads\/2022\/09\/pelleteringskniv.jpg 2000w\" sizes=\"(max-width: 300px) 100vw, 300px\" \/>\t\t\t\t\t\t\t\t\t\t\t\t\t\t\t<\/div>\n\t\t\t\t<\/div>\n\t\t\t\t\t<\/div>\n\t\t<\/div>\n\t\t\t\t\t<\/div>\n\t\t<\/section>\n\t\t\t\t<section class=\"elementor-section elementor-top-section elementor-element elementor-element-6b3f4cfc elementor-section-boxed elementor-section-height-default elementor-section-height-default\" data-id=\"6b3f4cfc\" data-element_type=\"section\" data-e-type=\"section\" data-settings=\"{&quot;background_background&quot;:&quot;classic&quot;}\">\n\t\t\t\t\t\t<div class=\"elementor-container elementor-column-gap-default\">\n\t\t\t\t\t<div class=\"elementor-column elementor-col-50 elementor-top-column elementor-element elementor-element-43f6ba90\" data-id=\"43f6ba90\" data-element_type=\"column\" data-e-type=\"column\">\n\t\t\t<div class=\"elementor-widget-wrap elementor-element-populated\">\n\t\t\t\t\t\t<div class=\"elementor-element elementor-element-5524a047 elementor-widget elementor-widget-heading\" data-id=\"5524a047\" data-element_type=\"widget\" data-e-type=\"widget\" data-widget_type=\"heading.default\">\n\t\t\t\t<div class=\"elementor-widget-container\">\n\t\t\t\t\t<p class=\"elementor-heading-title elementor-size-default\">Slit knives - send in your request or order!<\/p>\t\t\t\t<\/div>\n\t\t\t\t<\/div>\n\t\t\t\t<div class=\"elementor-element elementor-element-dc738e2 elementor-widget elementor-widget-text-editor\" data-id=\"dc738e2\" data-element_type=\"widget\" data-e-type=\"widget\" data-widget_type=\"text-editor.default\">\n\t\t\t\t<div class=\"elementor-widget-container\">\n\t\t\t\t\t\t\t\t\t<p>Don\u2019t hesitate to contact us for help with any needs, big or small. We\u2019ll produce the right knife using your drawing or sample, or the part number of an existing knife or holder. And we\u2019re happy to come to you to assess your machine knife needs.<\/p>\t\t\t\t\t\t\t\t<\/div>\n\t\t\t\t<\/div>\n\t\t\t\t<div class=\"elementor-element elementor-element-5898635 elementor-widget elementor-widget-text-editor\" data-id=\"5898635\" data-element_type=\"widget\" data-e-type=\"widget\" data-widget_type=\"text-editor.default\">\n\t\t\t\t<div class=\"elementor-widget-container\">\n\t\t\t\t\t\t\t\t\t<p>Feel free to take a look at our other websites <strong><a href=\"https:\/\/www.borin.se\/\">Borin.se<\/a><\/strong> and <strong><a href=\"https:\/\/www.borin.se\/\">sakerhetsknivar.se<\/a><\/strong><\/p>\t\t\t\t\t\t\t\t<\/div>\n\t\t\t\t<\/div>\n\t\t\t\t\t<\/div>\n\t\t<\/div>\n\t\t\t\t<div class=\"elementor-column elementor-col-50 elementor-top-column elementor-element elementor-element-15133666\" data-id=\"15133666\" data-element_type=\"column\" data-e-type=\"column\">\n\t\t\t<div class=\"elementor-widget-wrap elementor-element-populated\">\n\t\t\t\t\t\t<div class=\"elementor-element elementor-element-161082cf elementor-widget elementor-widget-spacer\" data-id=\"161082cf\" data-element_type=\"widget\" data-e-type=\"widget\" data-widget_type=\"spacer.default\">\n\t\t\t\t<div class=\"elementor-widget-container\">\n\t\t\t\t\t\t\t<div class=\"elementor-spacer\">\n\t\t\t<div class=\"elementor-spacer-inner\"><\/div>\n\t\t<\/div>\n\t\t\t\t\t\t<\/div>\n\t\t\t\t<\/div>\n\t\t\t\t<div class=\"elementor-element elementor-element-75c6ae27 elementor-widget elementor-widget-button\" data-id=\"75c6ae27\" data-element_type=\"widget\" data-e-type=\"widget\" data-widget_type=\"button.default\">\n\t\t\t\t<div class=\"elementor-widget-container\">\n\t\t\t\t\t\t\t\t\t<div class=\"elementor-button-wrapper\">\n\t\t\t\t\t<a class=\"elementor-button elementor-button-link elementor-size-sm\" href=\"http:\/\/borinmachineknives.se\/en\/kontakta-oss\/\">\n\t\t\t\t\t\t<span class=\"elementor-button-content-wrapper\">\n\t\t\t\t\t\t\t\t\t<span class=\"elementor-button-text\">Contact us<\/span>\n\t\t\t\t\t<\/span>\n\t\t\t\t\t<\/a>\n\t\t\t\t<\/div>\n\t\t\t\t\t\t\t\t<\/div>\n\t\t\t\t<\/div>\n\t\t\t\t\t<\/div>\n\t\t<\/div>\n\t\t\t\t\t<\/div>\n\t\t<\/section>\n\t\t\t\t<\/div>","protected":false},"excerpt":{"rendered":"<p>Pelletiseringsknivar Kontakta oss Vi levererar pelletiseringsknivar f\u00f6r extrudering av olika plastmaterial. Tillverkade i olika verktygsst\u00e5l och HSS.\u00a0Vi tillverkar era knivar efter er ritning eller prov i det material som ni \u00f6nskar och \u00e4r l\u00e4mpligast f\u00f6r just er applikation. V\u00e5ra knivar tillverkas i h\u00f6gkvalitativa material f\u00f6r att h\u00e5llbarhet och prestanda ska vara de b\u00e4sta. Vi s\u00e4tter&hellip;&nbsp;<\/p>","protected":false},"author":1,"featured_media":2225,"parent":0,"menu_order":0,"comment_status":"closed","ping_status":"closed","template":"elementor_header_footer","meta":{"_monsterinsights_skip_tracking":false,"_monsterinsights_sitenote_active":false,"_monsterinsights_sitenote_note":"","_monsterinsights_sitenote_category":0,"neve_meta_sidebar":"","neve_meta_container":"","neve_meta_enable_content_width":"","neve_meta_content_width":0,"neve_meta_title_alignment":"","neve_meta_author_avatar":"","neve_post_elements_order":"","neve_meta_disable_header":"","neve_meta_disable_footer":"","neve_meta_disable_title":"","footnotes":""},"class_list":["post-391","page","type-page","status-publish","has-post-thumbnail","hentry"],"yoast_head":"<!-- This site is optimized with the Yoast SEO plugin v27.4 - https:\/\/yoast.com\/product\/yoast-seo-wordpress\/ -->\n<title>Pelletiseringsknivar - Borinmachineknives<\/title>\n<meta name=\"description\" content=\"Pelletiseringsknivar -Vi levererar pelletiseringsknivar f\u00f6r extrudering av olika plastmaterial som \u00e4r tillverkade i olika verktygsst\u00e5l och HSS\" \/>\n<meta name=\"robots\" content=\"index, follow, max-snippet:-1, max-image-preview:large, max-video-preview:-1\" \/>\n<link rel=\"canonical\" href=\"https:\/\/borinmachineknives.se\/en\/pelletizer-knives\/\" \/>\n<meta property=\"og:locale\" content=\"en_GB\" \/>\n<meta property=\"og:type\" content=\"article\" \/>\n<meta property=\"og:title\" content=\"Pelletiseringsknivar - Borinmachineknives\" \/>\n<meta property=\"og:description\" content=\"Pelletiseringsknivar -Vi levererar pelletiseringsknivar f\u00f6r extrudering av olika plastmaterial som \u00e4r tillverkade i olika verktygsst\u00e5l och HSS\" \/>\n<meta property=\"og:url\" content=\"https:\/\/borinmachineknives.se\/en\/pelletizer-knives\/\" \/>\n<meta property=\"og:site_name\" content=\"Borinmachineknives\" \/>\n<meta property=\"article:modified_time\" content=\"2022-09-29T10:29:23+00:00\" \/>\n<meta property=\"og:image\" content=\"https:\/\/borinmachineknives.se\/wp-content\/uploads\/2022\/09\/Pelleteringskniv-1.jpg\" \/>\n\t<meta property=\"og:image:width\" content=\"2000\" \/>\n\t<meta property=\"og:image:height\" content=\"2000\" \/>\n\t<meta property=\"og:image:type\" content=\"image\/jpeg\" \/>\n<meta name=\"twitter:card\" content=\"summary_large_image\" \/>\n<meta name=\"twitter:label1\" content=\"Estimated reading time\" \/>\n\t<meta name=\"twitter:data1\" content=\"2 minutes\" \/>\n<script type=\"application\/ld+json\" class=\"yoast-schema-graph\">{\"@context\":\"https:\\\/\\\/schema.org\",\"@graph\":[{\"@type\":\"WebPage\",\"@id\":\"https:\\\/\\\/borinmachineknives.se\\\/pelletiseringsknivar\\\/\",\"url\":\"https:\\\/\\\/borinmachineknives.se\\\/pelletiseringsknivar\\\/\",\"name\":\"Pelletiseringsknivar - Borinmachineknives\",\"isPartOf\":{\"@id\":\"https:\\\/\\\/borinmachineknives.se\\\/#website\"},\"primaryImageOfPage\":{\"@id\":\"https:\\\/\\\/borinmachineknives.se\\\/pelletiseringsknivar\\\/#primaryimage\"},\"image\":{\"@id\":\"https:\\\/\\\/borinmachineknives.se\\\/pelletiseringsknivar\\\/#primaryimage\"},\"thumbnailUrl\":\"https:\\\/\\\/borinmachineknives.se\\\/wp-content\\\/uploads\\\/2022\\\/09\\\/Pelleteringskniv-1.jpg\",\"datePublished\":\"2022-03-08T08:30:31+00:00\",\"dateModified\":\"2022-09-29T10:29:23+00:00\",\"description\":\"Pelletiseringsknivar -Vi levererar pelletiseringsknivar f\u00f6r extrudering av olika plastmaterial som \u00e4r tillverkade i olika verktygsst\u00e5l och HSS\",\"breadcrumb\":{\"@id\":\"https:\\\/\\\/borinmachineknives.se\\\/pelletiseringsknivar\\\/#breadcrumb\"},\"inLanguage\":\"en-GB\",\"potentialAction\":[{\"@type\":\"ReadAction\",\"target\":[\"https:\\\/\\\/borinmachineknives.se\\\/pelletiseringsknivar\\\/\"]}]},{\"@type\":\"ImageObject\",\"inLanguage\":\"en-GB\",\"@id\":\"https:\\\/\\\/borinmachineknives.se\\\/pelletiseringsknivar\\\/#primaryimage\",\"url\":\"https:\\\/\\\/borinmachineknives.se\\\/wp-content\\\/uploads\\\/2022\\\/09\\\/Pelleteringskniv-1.jpg\",\"contentUrl\":\"https:\\\/\\\/borinmachineknives.se\\\/wp-content\\\/uploads\\\/2022\\\/09\\\/Pelleteringskniv-1.jpg\",\"width\":2000,\"height\":2000,\"caption\":\"Pelleteringskniv\"},{\"@type\":\"BreadcrumbList\",\"@id\":\"https:\\\/\\\/borinmachineknives.se\\\/pelletiseringsknivar\\\/#breadcrumb\",\"itemListElement\":[{\"@type\":\"ListItem\",\"position\":1,\"name\":\"Hem\",\"item\":\"https:\\\/\\\/borinmachineknives.se\\\/\"},{\"@type\":\"ListItem\",\"position\":2,\"name\":\"Pelletiseringsknivar\"}]},{\"@type\":\"WebSite\",\"@id\":\"https:\\\/\\\/borinmachineknives.se\\\/#website\",\"url\":\"https:\\\/\\\/borinmachineknives.se\\\/\",\"name\":\"Borinmachineknives\",\"description\":\"Proffs p\u00e5 maskinknivar sedan 1977\",\"potentialAction\":[{\"@type\":\"SearchAction\",\"target\":{\"@type\":\"EntryPoint\",\"urlTemplate\":\"https:\\\/\\\/borinmachineknives.se\\\/?s={search_term_string}\"},\"query-input\":{\"@type\":\"PropertyValueSpecification\",\"valueRequired\":true,\"valueName\":\"search_term_string\"}}],\"inLanguage\":\"en-GB\"}]}<\/script>\n<!-- \/ Yoast SEO plugin. -->","yoast_head_json":{"title":"Pelletizer knives","description":"Pelletizer knives We supply pelletizing knives for extruding various plastic materials that are made of various tool steels and HSS","robots":{"index":"index","follow":"follow","max-snippet":"max-snippet:-1","max-image-preview":"max-image-preview:large","max-video-preview":"max-video-preview:-1"},"canonical":"https:\/\/borinmachineknives.se\/en\/pelletizer-knives\/","og_locale":"en_GB","og_type":"article","og_title":"Pelletiseringsknivar - Borinmachineknives","og_description":"Pelletiseringsknivar -Vi levererar pelletiseringsknivar f\u00f6r extrudering av olika plastmaterial som \u00e4r tillverkade i olika verktygsst\u00e5l och HSS","og_url":"https:\/\/borinmachineknives.se\/en\/pelletizer-knives\/","og_site_name":"Borinmachineknives","article_modified_time":"2022-09-29T10:29:23+00:00","og_image":[{"width":2000,"height":2000,"url":"https:\/\/borinmachineknives.se\/wp-content\/uploads\/2022\/09\/Pelleteringskniv-1.jpg","type":"image\/jpeg"}],"twitter_card":"summary_large_image","twitter_misc":{"Estimated reading time":"2 minutes"},"schema":{"@context":"https:\/\/schema.org","@graph":[{"@type":"WebPage","@id":"https:\/\/borinmachineknives.se\/pelletiseringsknivar\/","url":"https:\/\/borinmachineknives.se\/pelletiseringsknivar\/","name":"Pelletizer knives","isPartOf":{"@id":"https:\/\/borinmachineknives.se\/#website"},"primaryImageOfPage":{"@id":"https:\/\/borinmachineknives.se\/pelletiseringsknivar\/#primaryimage"},"image":{"@id":"https:\/\/borinmachineknives.se\/pelletiseringsknivar\/#primaryimage"},"thumbnailUrl":"https:\/\/borinmachineknives.se\/wp-content\/uploads\/2022\/09\/Pelleteringskniv-1.jpg","datePublished":"2022-03-08T08:30:31+00:00","dateModified":"2022-09-29T10:29:23+00:00","description":"Pelletizer knives We supply pelletizing knives for extruding various plastic materials that are made of various tool steels and HSS","breadcrumb":{"@id":"https:\/\/borinmachineknives.se\/pelletiseringsknivar\/#breadcrumb"},"inLanguage":"en-GB","potentialAction":[{"@type":"ReadAction","target":["https:\/\/borinmachineknives.se\/pelletiseringsknivar\/"]}]},{"@type":"ImageObject","inLanguage":"en-GB","@id":"https:\/\/borinmachineknives.se\/pelletiseringsknivar\/#primaryimage","url":"https:\/\/borinmachineknives.se\/wp-content\/uploads\/2022\/09\/Pelleteringskniv-1.jpg","contentUrl":"https:\/\/borinmachineknives.se\/wp-content\/uploads\/2022\/09\/Pelleteringskniv-1.jpg","width":2000,"height":2000,"caption":"Pelleteringskniv"},{"@type":"BreadcrumbList","@id":"https:\/\/borinmachineknives.se\/pelletiseringsknivar\/#breadcrumb","itemListElement":[{"@type":"ListItem","position":1,"name":"Hem","item":"https:\/\/borinmachineknives.se\/"},{"@type":"ListItem","position":2,"name":"Pelletiseringsknivar"}]},{"@type":"WebSite","@id":"https:\/\/borinmachineknives.se\/#website","url":"https:\/\/borinmachineknives.se\/","name":"Borinmachineknives","description":"Machine Knives Made for Your Business Needs","potentialAction":[{"@type":"SearchAction","target":{"@type":"EntryPoint","urlTemplate":"https:\/\/borinmachineknives.se\/?s={search_term_string}"},"query-input":{"@type":"PropertyValueSpecification","valueRequired":true,"valueName":"search_term_string"}}],"inLanguage":"en-GB"}]}},"_links":{"self":[{"href":"https:\/\/borinmachineknives.se\/en\/wp-json\/wp\/v2\/pages\/391","targetHints":{"allow":["GET"]}}],"collection":[{"href":"https:\/\/borinmachineknives.se\/en\/wp-json\/wp\/v2\/pages"}],"about":[{"href":"https:\/\/borinmachineknives.se\/en\/wp-json\/wp\/v2\/types\/page"}],"author":[{"embeddable":true,"href":"https:\/\/borinmachineknives.se\/en\/wp-json\/wp\/v2\/users\/1"}],"replies":[{"embeddable":true,"href":"https:\/\/borinmachineknives.se\/en\/wp-json\/wp\/v2\/comments?post=391"}],"version-history":[{"count":6,"href":"https:\/\/borinmachineknives.se\/en\/wp-json\/wp\/v2\/pages\/391\/revisions"}],"predecessor-version":[{"id":2229,"href":"https:\/\/borinmachineknives.se\/en\/wp-json\/wp\/v2\/pages\/391\/revisions\/2229"}],"wp:featuredmedia":[{"embeddable":true,"href":"https:\/\/borinmachineknives.se\/en\/wp-json\/wp\/v2\/media\/2225"}],"wp:attachment":[{"href":"https:\/\/borinmachineknives.se\/en\/wp-json\/wp\/v2\/media?parent=391"}],"curies":[{"name":"wp","href":"https:\/\/api.w.org\/{rel}","templated":true}]}}