{"id":385,"date":"2022-03-08T09:29:05","date_gmt":"2022-03-08T08:29:05","guid":{"rendered":"http:\/\/borinmachineknives.se\/?page_id=385"},"modified":"2022-09-29T12:26:43","modified_gmt":"2022-09-29T10:26:43","slug":"die-steel","status":"publish","type":"page","link":"https:\/\/borinmachineknives.se\/en\/stansstal\/","title":{"rendered":"Die steel"},"content":{"rendered":"<div data-elementor-type=\"wp-page\" data-elementor-id=\"385\" class=\"elementor elementor-385\" data-elementor-post-type=\"page\">\n\t\t\t\t\t\t<section class=\"elementor-section elementor-top-section elementor-element elementor-element-38e75023 elementor-section-boxed elementor-section-height-default elementor-section-height-default\" data-id=\"38e75023\" data-element_type=\"section\" data-e-type=\"section\" data-settings=\"{&quot;background_background&quot;:&quot;classic&quot;}\">\n\t\t\t\t\t\t\t<div class=\"elementor-background-overlay\"><\/div>\n\t\t\t\t\t\t\t<div class=\"elementor-container elementor-column-gap-default\">\n\t\t\t\t\t<div class=\"elementor-column elementor-col-100 elementor-top-column elementor-element elementor-element-3b031889\" data-id=\"3b031889\" data-element_type=\"column\" data-e-type=\"column\">\n\t\t\t<div class=\"elementor-widget-wrap elementor-element-populated\">\n\t\t\t\t\t\t<section class=\"elementor-section elementor-inner-section elementor-element elementor-element-dd240cb elementor-section-boxed elementor-section-height-default elementor-section-height-default\" data-id=\"dd240cb\" data-element_type=\"section\" data-e-type=\"section\">\n\t\t\t\t\t\t<div class=\"elementor-container elementor-column-gap-default\">\n\t\t\t\t\t<div class=\"elementor-column elementor-col-50 elementor-inner-column elementor-element elementor-element-6dc3f78a\" data-id=\"6dc3f78a\" data-element_type=\"column\" data-e-type=\"column\">\n\t\t\t<div class=\"elementor-widget-wrap elementor-element-populated\">\n\t\t\t\t\t\t<div class=\"elementor-element elementor-element-48cb34a8 elementor-widget elementor-widget-spacer\" data-id=\"48cb34a8\" data-element_type=\"widget\" data-e-type=\"widget\" data-widget_type=\"spacer.default\">\n\t\t\t\t<div class=\"elementor-widget-container\">\n\t\t\t\t\t\t\t<div class=\"elementor-spacer\">\n\t\t\t<div class=\"elementor-spacer-inner\"><\/div>\n\t\t<\/div>\n\t\t\t\t\t\t<\/div>\n\t\t\t\t<\/div>\n\t\t\t\t<div class=\"elementor-element elementor-element-4d41fc34 elementor-widget elementor-widget-heading\" data-id=\"4d41fc34\" data-element_type=\"widget\" data-e-type=\"widget\" data-widget_type=\"heading.default\">\n\t\t\t\t<div class=\"elementor-widget-container\">\n\t\t\t\t\t<h1 class=\"elementor-heading-title elementor-size-default\">Die steel<\/h1>\t\t\t\t<\/div>\n\t\t\t\t<\/div>\n\t\t\t\t<div class=\"elementor-element elementor-element-15700b5 elementor-widget elementor-widget-button\" data-id=\"15700b5\" data-element_type=\"widget\" data-e-type=\"widget\" data-widget_type=\"button.default\">\n\t\t\t\t<div class=\"elementor-widget-container\">\n\t\t\t\t\t\t\t\t\t<div class=\"elementor-button-wrapper\">\n\t\t\t\t\t<a class=\"elementor-button elementor-button-link elementor-size-sm\" href=\"http:\/\/borinmachineknives.se\/en\/kontakta-oss\/\">\n\t\t\t\t\t\t<span class=\"elementor-button-content-wrapper\">\n\t\t\t\t\t\t\t\t\t<span class=\"elementor-button-text\">Contact us<\/span>\n\t\t\t\t\t<\/span>\n\t\t\t\t\t<\/a>\n\t\t\t\t<\/div>\n\t\t\t\t\t\t\t\t<\/div>\n\t\t\t\t<\/div>\n\t\t\t\t<div class=\"elementor-element elementor-element-4415f5e2 elementor-widget elementor-widget-spacer\" data-id=\"4415f5e2\" data-element_type=\"widget\" data-e-type=\"widget\" data-widget_type=\"spacer.default\">\n\t\t\t\t<div class=\"elementor-widget-container\">\n\t\t\t\t\t\t\t<div class=\"elementor-spacer\">\n\t\t\t<div class=\"elementor-spacer-inner\"><\/div>\n\t\t<\/div>\n\t\t\t\t\t\t<\/div>\n\t\t\t\t<\/div>\n\t\t\t\t\t<\/div>\n\t\t<\/div>\n\t\t\t\t<div class=\"elementor-column elementor-col-50 elementor-inner-column elementor-element elementor-element-4901f799\" data-id=\"4901f799\" data-element_type=\"column\" data-e-type=\"column\">\n\t\t\t<div class=\"elementor-widget-wrap elementor-element-populated\">\n\t\t\t\t\t\t<div class=\"elementor-element elementor-element-79f421b elementor-widget elementor-widget-spacer\" data-id=\"79f421b\" data-element_type=\"widget\" data-e-type=\"widget\" data-widget_type=\"spacer.default\">\n\t\t\t\t<div class=\"elementor-widget-container\">\n\t\t\t\t\t\t\t<div class=\"elementor-spacer\">\n\t\t\t<div class=\"elementor-spacer-inner\"><\/div>\n\t\t<\/div>\n\t\t\t\t\t\t<\/div>\n\t\t\t\t<\/div>\n\t\t\t\t\t<\/div>\n\t\t<\/div>\n\t\t\t\t\t<\/div>\n\t\t<\/section>\n\t\t\t\t\t<\/div>\n\t\t<\/div>\n\t\t\t\t\t<\/div>\n\t\t<\/section>\n\t\t\t\t<section class=\"elementor-section elementor-top-section elementor-element elementor-element-28d53d4d elementor-section-boxed elementor-section-height-default elementor-section-height-default\" data-id=\"28d53d4d\" data-element_type=\"section\" data-e-type=\"section\" data-settings=\"{&quot;background_background&quot;:&quot;classic&quot;}\">\n\t\t\t\t\t\t<div class=\"elementor-container elementor-column-gap-default\">\n\t\t\t\t\t<div class=\"elementor-column elementor-col-50 elementor-top-column elementor-element elementor-element-2861dff\" data-id=\"2861dff\" data-element_type=\"column\" data-e-type=\"column\">\n\t\t\t<div class=\"elementor-widget-wrap elementor-element-populated\">\n\t\t\t\t\t\t<div class=\"elementor-element elementor-element-21b7ffd3 elementor-widget elementor-widget-text-editor\" data-id=\"21b7ffd3\" data-element_type=\"widget\" data-e-type=\"widget\" data-widget_type=\"text-editor.default\">\n\t\t\t\t<div class=\"elementor-widget-container\">\n\t\t\t\t\t\t\t\t\t<p>We supply die steel from Europe\u2019s leading producer Voestalpine (B\u00f6hlerstrip). Die steel from Voestalpine meets the highest quality requirements for punching, grooving and perforating packaging materials such as cardboard, corrugated cardboard, plastic, etc. Die steel is also used in textile, leather, packaging, label and graphics industries. Punching is also used in other industries.\u00a0<a href=\"http:\/\/borinmachineknives.se\/en\/kontakta-oss\/\">. Get in touch and let us tell you more!<\/a><\/p>\t\t\t\t\t\t\t\t<\/div>\n\t\t\t\t<\/div>\n\t\t\t\t\t<\/div>\n\t\t<\/div>\n\t\t\t\t<div class=\"elementor-column elementor-col-50 elementor-top-column elementor-element elementor-element-28c9308e\" data-id=\"28c9308e\" data-element_type=\"column\" data-e-type=\"column\">\n\t\t\t<div class=\"elementor-widget-wrap elementor-element-populated\">\n\t\t\t\t\t\t<div class=\"elementor-element elementor-element-30ded431 elementor-align-start elementor-icon-list--layout-traditional elementor-list-item-link-full_width elementor-widget elementor-widget-icon-list\" data-id=\"30ded431\" data-element_type=\"widget\" data-e-type=\"widget\" data-widget_type=\"icon-list.default\">\n\t\t\t\t<div class=\"elementor-widget-container\">\n\t\t\t\t\t\t\t<ul class=\"elementor-icon-list-items\">\n\t\t\t\t\t\t\t<li class=\"elementor-icon-list-item\">\n\t\t\t\t\t\t\t\t\t\t\t<span class=\"elementor-icon-list-icon\">\n\t\t\t\t\t\t\t<i aria-hidden=\"true\" class=\"fas fa-check-circle\"><\/i>\t\t\t\t\t\t<\/span>\n\t\t\t\t\t\t\t\t\t\t<span class=\"elementor-icon-list-text\">Highest quality die steel from Voestalpine.<\/span>\n\t\t\t\t\t\t\t\t\t<\/li>\n\t\t\t\t\t\t\t\t<li class=\"elementor-icon-list-item\">\n\t\t\t\t\t\t\t\t\t\t\t<span class=\"elementor-icon-list-icon\">\n\t\t\t\t\t\t\t<i aria-hidden=\"true\" class=\"fas fa-check-circle\"><\/i>\t\t\t\t\t\t<\/span>\n\t\t\t\t\t\t\t\t\t\t<span class=\"elementor-icon-list-text\">Punching, perforating, grooving<\/span>\n\t\t\t\t\t\t\t\t\t<\/li>\n\t\t\t\t\t\t\t\t<li class=\"elementor-icon-list-item\">\n\t\t\t\t\t\t\t\t\t\t\t<span class=\"elementor-icon-list-icon\">\n\t\t\t\t\t\t\t<i aria-hidden=\"true\" class=\"fas fa-check-circle\"><\/i>\t\t\t\t\t\t<\/span>\n\t\t\t\t\t\t\t\t\t\t<span class=\"elementor-icon-list-text\">Get in touch and let us tell you more!<\/span>\n\t\t\t\t\t\t\t\t\t<\/li>\n\t\t\t\t\t\t<\/ul>\n\t\t\t\t\t\t<\/div>\n\t\t\t\t<\/div>\n\t\t\t\t\t<\/div>\n\t\t<\/div>\n\t\t\t\t\t<\/div>\n\t\t<\/section>\n\t\t\t\t<section class=\"elementor-section elementor-top-section elementor-element elementor-element-31f2eae elementor-section-boxed elementor-section-height-default elementor-section-height-default\" data-id=\"31f2eae\" data-element_type=\"section\" data-e-type=\"section\">\n\t\t\t\t\t\t<div class=\"elementor-container elementor-column-gap-default\">\n\t\t\t\t\t<div class=\"elementor-column elementor-col-33 elementor-top-column elementor-element elementor-element-b6316b3\" data-id=\"b6316b3\" data-element_type=\"column\" data-e-type=\"column\">\n\t\t\t<div class=\"elementor-widget-wrap elementor-element-populated\">\n\t\t\t\t\t\t<div class=\"elementor-element elementor-element-edfad1e elementor-widget elementor-widget-image\" data-id=\"edfad1e\" data-element_type=\"widget\" data-e-type=\"widget\" data-widget_type=\"image.default\">\n\t\t\t\t<div class=\"elementor-widget-container\">\n\t\t\t\t\t\t\t\t\t\t\t\t\t\t\t<img decoding=\"async\" width=\"250\" height=\"167\" src=\"https:\/\/borinmachineknives.se\/wp-content\/uploads\/2022\/04\/Stansstal_.jpg\" class=\"attachment-large size-large wp-image-896\" alt=\"\" \/>\t\t\t\t\t\t\t\t\t\t\t\t\t\t\t<\/div>\n\t\t\t\t<\/div>\n\t\t\t\t\t<\/div>\n\t\t<\/div>\n\t\t\t\t<div class=\"elementor-column elementor-col-33 elementor-top-column elementor-element elementor-element-de03c4f\" data-id=\"de03c4f\" data-element_type=\"column\" data-e-type=\"column\">\n\t\t\t<div class=\"elementor-widget-wrap elementor-element-populated\">\n\t\t\t\t\t\t<div class=\"elementor-element elementor-element-c20a7ca elementor-widget elementor-widget-image\" data-id=\"c20a7ca\" data-element_type=\"widget\" data-e-type=\"widget\" data-widget_type=\"image.default\">\n\t\t\t\t<div class=\"elementor-widget-container\">\n\t\t\t\t\t\t\t\t\t\t\t\t\t\t\t<img decoding=\"async\" width=\"250\" height=\"167\" src=\"https:\/\/borinmachineknives.se\/wp-content\/uploads\/2022\/04\/DSC5644-250x167-1.jpg\" class=\"attachment-large size-large wp-image-890\" alt=\"\" \/>\t\t\t\t\t\t\t\t\t\t\t\t\t\t\t<\/div>\n\t\t\t\t<\/div>\n\t\t\t\t\t<\/div>\n\t\t<\/div>\n\t\t\t\t<div class=\"elementor-column elementor-col-33 elementor-top-column elementor-element elementor-element-0516636\" data-id=\"0516636\" data-element_type=\"column\" data-e-type=\"column\">\n\t\t\t<div class=\"elementor-widget-wrap elementor-element-populated\">\n\t\t\t\t\t\t<div class=\"elementor-element elementor-element-3926e35 elementor-widget elementor-widget-image\" data-id=\"3926e35\" data-element_type=\"widget\" data-e-type=\"widget\" data-widget_type=\"image.default\">\n\t\t\t\t<div class=\"elementor-widget-container\">\n\t\t\t\t\t\t\t\t\t\t\t\t\t\t\t<img decoding=\"async\" width=\"250\" height=\"167\" src=\"https:\/\/borinmachineknives.se\/wp-content\/uploads\/2022\/04\/Stansstal.jpg\" class=\"attachment-large size-large wp-image-891\" alt=\"\" \/>\t\t\t\t\t\t\t\t\t\t\t\t\t\t\t<\/div>\n\t\t\t\t<\/div>\n\t\t\t\t\t<\/div>\n\t\t<\/div>\n\t\t\t\t\t<\/div>\n\t\t<\/section>\n\t\t\t\t<section class=\"elementor-section elementor-top-section elementor-element elementor-element-6b3f4cfc elementor-section-boxed elementor-section-height-default elementor-section-height-default\" data-id=\"6b3f4cfc\" data-element_type=\"section\" data-e-type=\"section\" data-settings=\"{&quot;background_background&quot;:&quot;classic&quot;}\">\n\t\t\t\t\t\t<div class=\"elementor-container elementor-column-gap-default\">\n\t\t\t\t\t<div class=\"elementor-column elementor-col-50 elementor-top-column elementor-element elementor-element-43f6ba90\" data-id=\"43f6ba90\" data-element_type=\"column\" data-e-type=\"column\">\n\t\t\t<div class=\"elementor-widget-wrap elementor-element-populated\">\n\t\t\t\t\t\t<div class=\"elementor-element elementor-element-5524a047 elementor-widget elementor-widget-heading\" data-id=\"5524a047\" data-element_type=\"widget\" data-e-type=\"widget\" data-widget_type=\"heading.default\">\n\t\t\t\t<div class=\"elementor-widget-container\">\n\t\t\t\t\t<p class=\"elementor-heading-title elementor-size-default\">Slit knives - send in your request or order!<\/p>\t\t\t\t<\/div>\n\t\t\t\t<\/div>\n\t\t\t\t<div class=\"elementor-element elementor-element-dc738e2 elementor-widget elementor-widget-text-editor\" data-id=\"dc738e2\" data-element_type=\"widget\" data-e-type=\"widget\" data-widget_type=\"text-editor.default\">\n\t\t\t\t<div class=\"elementor-widget-container\">\n\t\t\t\t\t\t\t\t\t<p>Don\u2019t hesitate to contact us for help with any needs, big or small. We\u2019ll produce the right knife using your drawing or sample, or the part number of an existing knife or holder. And we\u2019re happy to come to you to assess your machine knife needs.<\/p>\t\t\t\t\t\t\t\t<\/div>\n\t\t\t\t<\/div>\n\t\t\t\t<div class=\"elementor-element elementor-element-48823a2 elementor-widget elementor-widget-text-editor\" data-id=\"48823a2\" data-element_type=\"widget\" data-e-type=\"widget\" data-widget_type=\"text-editor.default\">\n\t\t\t\t<div class=\"elementor-widget-container\">\n\t\t\t\t\t\t\t\t\t<p>Feel free to take a look at our other websites <strong><a href=\"https:\/\/www.borin.se\/\">Borin.se<\/a><\/strong> and <strong><a href=\"https:\/\/sakerhetsknivar.se\/\">sakerhetsknivar.se<\/a><\/strong><\/p>\t\t\t\t\t\t\t\t<\/div>\n\t\t\t\t<\/div>\n\t\t\t\t\t<\/div>\n\t\t<\/div>\n\t\t\t\t<div class=\"elementor-column elementor-col-50 elementor-top-column elementor-element elementor-element-15133666\" data-id=\"15133666\" data-element_type=\"column\" data-e-type=\"column\">\n\t\t\t<div class=\"elementor-widget-wrap elementor-element-populated\">\n\t\t\t\t\t\t<div class=\"elementor-element elementor-element-161082cf elementor-widget elementor-widget-spacer\" data-id=\"161082cf\" data-element_type=\"widget\" data-e-type=\"widget\" data-widget_type=\"spacer.default\">\n\t\t\t\t<div class=\"elementor-widget-container\">\n\t\t\t\t\t\t\t<div class=\"elementor-spacer\">\n\t\t\t<div class=\"elementor-spacer-inner\"><\/div>\n\t\t<\/div>\n\t\t\t\t\t\t<\/div>\n\t\t\t\t<\/div>\n\t\t\t\t<div class=\"elementor-element elementor-element-75c6ae27 elementor-widget elementor-widget-button\" data-id=\"75c6ae27\" data-element_type=\"widget\" data-e-type=\"widget\" data-widget_type=\"button.default\">\n\t\t\t\t<div class=\"elementor-widget-container\">\n\t\t\t\t\t\t\t\t\t<div class=\"elementor-button-wrapper\">\n\t\t\t\t\t<a class=\"elementor-button elementor-button-link elementor-size-sm\" href=\"http:\/\/borinmachineknives.se\/en\/kontakta-oss\/\">\n\t\t\t\t\t\t<span class=\"elementor-button-content-wrapper\">\n\t\t\t\t\t\t\t\t\t<span class=\"elementor-button-text\">Contact us<\/span>\n\t\t\t\t\t<\/span>\n\t\t\t\t\t<\/a>\n\t\t\t\t<\/div>\n\t\t\t\t\t\t\t\t<\/div>\n\t\t\t\t<\/div>\n\t\t\t\t\t<\/div>\n\t\t<\/div>\n\t\t\t\t\t<\/div>\n\t\t<\/section>\n\t\t\t\t<\/div>","protected":false},"excerpt":{"rendered":"<p>Stansst\u00e5l Kontakta oss Vi levererar stansst\u00e5l ifr\u00e5n Europas ledande producent VoestAlpine (B\u00f6hlerStrip). Stansst\u00e5l ifr\u00e5n VoestAlpine uppfyller de h\u00f6gsta kvalitetskraven f\u00f6r stansning, bigning och perforering av f\u00f6rpackningsmaterial s\u00e5 som kartong, wellpapp, plast mm. Stansst\u00e5l anv\u00e4nds \u00e4ven inom textil, l\u00e4der, packning, etikett och grafisk industri. Stansning g\u00f6rs \u00e4ven inom annan industri.\u00a0H\u00f6r av er till oss s\u00e5 kan&hellip;&nbsp;<\/p>","protected":false},"author":1,"featured_media":2218,"parent":0,"menu_order":0,"comment_status":"closed","ping_status":"closed","template":"elementor_header_footer","meta":{"_monsterinsights_skip_tracking":false,"_monsterinsights_sitenote_active":false,"_monsterinsights_sitenote_note":"","_monsterinsights_sitenote_category":0,"neve_meta_sidebar":"","neve_meta_container":"","neve_meta_enable_content_width":"","neve_meta_content_width":0,"neve_meta_title_alignment":"","neve_meta_author_avatar":"","neve_post_elements_order":"","neve_meta_disable_header":"","neve_meta_disable_footer":"","neve_meta_disable_title":"","footnotes":""},"class_list":["post-385","page","type-page","status-publish","has-post-thumbnail","hentry"],"yoast_head":"<!-- This site is optimized with the Yoast SEO plugin v27.5 - https:\/\/yoast.com\/product\/yoast-seo-wordpress\/ -->\n<title>Stansst\u00e5l - Borinmachineknives<\/title>\n<meta name=\"description\" content=\"Stansst\u00e5l - Vi levererar stansst\u00e5l ifr\u00e5n Europas ledande producent VoestAlpine (B\u00f6hlerStrip). Kontakta oss g\u00e4rna idag!\" \/>\n<meta name=\"robots\" content=\"index, follow, max-snippet:-1, max-image-preview:large, max-video-preview:-1\" \/>\n<link rel=\"canonical\" href=\"https:\/\/borinmachineknives.se\/en\/die-steel\/\" \/>\n<meta property=\"og:locale\" content=\"en_GB\" \/>\n<meta property=\"og:type\" content=\"article\" \/>\n<meta property=\"og:title\" content=\"Stansst\u00e5l - Borinmachineknives\" \/>\n<meta property=\"og:description\" content=\"Stansst\u00e5l - Vi levererar stansst\u00e5l ifr\u00e5n Europas ledande producent VoestAlpine (B\u00f6hlerStrip). Kontakta oss g\u00e4rna idag!\" \/>\n<meta property=\"og:url\" content=\"https:\/\/borinmachineknives.se\/en\/die-steel\/\" \/>\n<meta property=\"og:site_name\" content=\"Borinmachineknives\" \/>\n<meta property=\"article:modified_time\" content=\"2022-09-29T10:26:43+00:00\" \/>\n<meta property=\"og:image\" content=\"https:\/\/borinmachineknives.se\/wp-content\/uploads\/2022\/09\/stansstal.jpg\" \/>\n\t<meta property=\"og:image:width\" content=\"250\" \/>\n\t<meta property=\"og:image:height\" content=\"167\" \/>\n\t<meta property=\"og:image:type\" content=\"image\/jpeg\" \/>\n<meta name=\"twitter:card\" content=\"summary_large_image\" \/>\n<meta name=\"twitter:label1\" content=\"Estimated reading time\" \/>\n\t<meta name=\"twitter:data1\" content=\"2 minutes\" \/>\n<script type=\"application\/ld+json\" class=\"yoast-schema-graph\">{\"@context\":\"https:\\\/\\\/schema.org\",\"@graph\":[{\"@type\":\"WebPage\",\"@id\":\"https:\\\/\\\/borinmachineknives.se\\\/stansstal\\\/\",\"url\":\"https:\\\/\\\/borinmachineknives.se\\\/stansstal\\\/\",\"name\":\"Stansst\u00e5l - Borinmachineknives\",\"isPartOf\":{\"@id\":\"https:\\\/\\\/borinmachineknives.se\\\/#website\"},\"primaryImageOfPage\":{\"@id\":\"https:\\\/\\\/borinmachineknives.se\\\/stansstal\\\/#primaryimage\"},\"image\":{\"@id\":\"https:\\\/\\\/borinmachineknives.se\\\/stansstal\\\/#primaryimage\"},\"thumbnailUrl\":\"https:\\\/\\\/borinmachineknives.se\\\/wp-content\\\/uploads\\\/2022\\\/09\\\/stansstal.jpg\",\"datePublished\":\"2022-03-08T08:29:05+00:00\",\"dateModified\":\"2022-09-29T10:26:43+00:00\",\"description\":\"Stansst\u00e5l - Vi levererar stansst\u00e5l ifr\u00e5n Europas ledande producent VoestAlpine (B\u00f6hlerStrip). Kontakta oss g\u00e4rna idag!\",\"breadcrumb\":{\"@id\":\"https:\\\/\\\/borinmachineknives.se\\\/stansstal\\\/#breadcrumb\"},\"inLanguage\":\"en-GB\",\"potentialAction\":[{\"@type\":\"ReadAction\",\"target\":[\"https:\\\/\\\/borinmachineknives.se\\\/stansstal\\\/\"]}]},{\"@type\":\"ImageObject\",\"inLanguage\":\"en-GB\",\"@id\":\"https:\\\/\\\/borinmachineknives.se\\\/stansstal\\\/#primaryimage\",\"url\":\"https:\\\/\\\/borinmachineknives.se\\\/wp-content\\\/uploads\\\/2022\\\/09\\\/stansstal.jpg\",\"contentUrl\":\"https:\\\/\\\/borinmachineknives.se\\\/wp-content\\\/uploads\\\/2022\\\/09\\\/stansstal.jpg\",\"width\":250,\"height\":167,\"caption\":\"stansst\u00e5l\"},{\"@type\":\"BreadcrumbList\",\"@id\":\"https:\\\/\\\/borinmachineknives.se\\\/stansstal\\\/#breadcrumb\",\"itemListElement\":[{\"@type\":\"ListItem\",\"position\":1,\"name\":\"Hem\",\"item\":\"https:\\\/\\\/borinmachineknives.se\\\/\"},{\"@type\":\"ListItem\",\"position\":2,\"name\":\"Stansst\u00e5l\"}]},{\"@type\":\"WebSite\",\"@id\":\"https:\\\/\\\/borinmachineknives.se\\\/#website\",\"url\":\"https:\\\/\\\/borinmachineknives.se\\\/\",\"name\":\"Borinmachineknives\",\"description\":\"Proffs p\u00e5 maskinknivar sedan 1977\",\"potentialAction\":[{\"@type\":\"SearchAction\",\"target\":{\"@type\":\"EntryPoint\",\"urlTemplate\":\"https:\\\/\\\/borinmachineknives.se\\\/?s={search_term_string}\"},\"query-input\":{\"@type\":\"PropertyValueSpecification\",\"valueRequired\":true,\"valueName\":\"search_term_string\"}}],\"inLanguage\":\"en-GB\"}]}<\/script>\n<!-- \/ Yoast SEO plugin. -->","yoast_head_json":{"title":"Die steel","description":"Die steel We supply punching steel from Europe's leading producer VoestAlpine (B\u00f6hlerStrip). Feel free to contact us today!","robots":{"index":"index","follow":"follow","max-snippet":"max-snippet:-1","max-image-preview":"max-image-preview:large","max-video-preview":"max-video-preview:-1"},"canonical":"https:\/\/borinmachineknives.se\/en\/die-steel\/","og_locale":"en_GB","og_type":"article","og_title":"Stansst\u00e5l - Borinmachineknives","og_description":"Stansst\u00e5l - Vi levererar stansst\u00e5l ifr\u00e5n Europas ledande producent VoestAlpine (B\u00f6hlerStrip). Kontakta oss g\u00e4rna idag!","og_url":"https:\/\/borinmachineknives.se\/en\/die-steel\/","og_site_name":"Borinmachineknives","article_modified_time":"2022-09-29T10:26:43+00:00","og_image":[{"width":250,"height":167,"url":"https:\/\/borinmachineknives.se\/wp-content\/uploads\/2022\/09\/stansstal.jpg","type":"image\/jpeg"}],"twitter_card":"summary_large_image","twitter_misc":{"Estimated reading time":"2 minutes"},"schema":{"@context":"https:\/\/schema.org","@graph":[{"@type":"WebPage","@id":"https:\/\/borinmachineknives.se\/stansstal\/","url":"https:\/\/borinmachineknives.se\/stansstal\/","name":"Die steel","isPartOf":{"@id":"https:\/\/borinmachineknives.se\/#website"},"primaryImageOfPage":{"@id":"https:\/\/borinmachineknives.se\/stansstal\/#primaryimage"},"image":{"@id":"https:\/\/borinmachineknives.se\/stansstal\/#primaryimage"},"thumbnailUrl":"https:\/\/borinmachineknives.se\/wp-content\/uploads\/2022\/09\/stansstal.jpg","datePublished":"2022-03-08T08:29:05+00:00","dateModified":"2022-09-29T10:26:43+00:00","description":"Die steel We supply punching steel from Europe's leading producer VoestAlpine (B\u00f6hlerStrip). Feel free to contact us today!","breadcrumb":{"@id":"https:\/\/borinmachineknives.se\/stansstal\/#breadcrumb"},"inLanguage":"en-GB","potentialAction":[{"@type":"ReadAction","target":["https:\/\/borinmachineknives.se\/stansstal\/"]}]},{"@type":"ImageObject","inLanguage":"en-GB","@id":"https:\/\/borinmachineknives.se\/stansstal\/#primaryimage","url":"https:\/\/borinmachineknives.se\/wp-content\/uploads\/2022\/09\/stansstal.jpg","contentUrl":"https:\/\/borinmachineknives.se\/wp-content\/uploads\/2022\/09\/stansstal.jpg","width":250,"height":167,"caption":"stansst\u00e5l"},{"@type":"BreadcrumbList","@id":"https:\/\/borinmachineknives.se\/stansstal\/#breadcrumb","itemListElement":[{"@type":"ListItem","position":1,"name":"Hem","item":"https:\/\/borinmachineknives.se\/"},{"@type":"ListItem","position":2,"name":"Stansst\u00e5l"}]},{"@type":"WebSite","@id":"https:\/\/borinmachineknives.se\/#website","url":"https:\/\/borinmachineknives.se\/","name":"Borinmachineknives","description":"Machine Knives Made for Your Business Needs","potentialAction":[{"@type":"SearchAction","target":{"@type":"EntryPoint","urlTemplate":"https:\/\/borinmachineknives.se\/?s={search_term_string}"},"query-input":{"@type":"PropertyValueSpecification","valueRequired":true,"valueName":"search_term_string"}}],"inLanguage":"en-GB"}]}},"_links":{"self":[{"href":"https:\/\/borinmachineknives.se\/en\/wp-json\/wp\/v2\/pages\/385","targetHints":{"allow":["GET"]}}],"collection":[{"href":"https:\/\/borinmachineknives.se\/en\/wp-json\/wp\/v2\/pages"}],"about":[{"href":"https:\/\/borinmachineknives.se\/en\/wp-json\/wp\/v2\/types\/page"}],"author":[{"embeddable":true,"href":"https:\/\/borinmachineknives.se\/en\/wp-json\/wp\/v2\/users\/1"}],"replies":[{"embeddable":true,"href":"https:\/\/borinmachineknives.se\/en\/wp-json\/wp\/v2\/comments?post=385"}],"version-history":[{"count":6,"href":"https:\/\/borinmachineknives.se\/en\/wp-json\/wp\/v2\/pages\/385\/revisions"}],"predecessor-version":[{"id":2224,"href":"https:\/\/borinmachineknives.se\/en\/wp-json\/wp\/v2\/pages\/385\/revisions\/2224"}],"wp:featuredmedia":[{"embeddable":true,"href":"https:\/\/borinmachineknives.se\/en\/wp-json\/wp\/v2\/media\/2218"}],"wp:attachment":[{"href":"https:\/\/borinmachineknives.se\/en\/wp-json\/wp\/v2\/media?parent=385"}],"curies":[{"name":"wp","href":"https:\/\/api.w.org\/{rel}","templated":true}]}}