{"id":10,"date":"2022-02-21T12:29:17","date_gmt":"2022-02-21T11:29:17","guid":{"rendered":"http:\/\/borinmachineknives.se\/?page_id=10"},"modified":"2025-01-09T14:31:44","modified_gmt":"2025-01-09T13:31:44","slug":"kontakta-oss","status":"publish","type":"page","link":"https:\/\/borinmachineknives.se\/en\/kontakta-oss\/","title":{"rendered":"Contact us"},"content":{"rendered":"<div data-elementor-type=\"wp-page\" data-elementor-id=\"10\" class=\"elementor elementor-10\" data-elementor-post-type=\"page\">\n\t\t\t\t\t\t<section class=\"elementor-section elementor-top-section elementor-element elementor-element-3a367f5f elementor-section-boxed elementor-section-height-default elementor-section-height-default\" data-id=\"3a367f5f\" data-element_type=\"section\" data-e-type=\"section\" data-settings=\"{&quot;background_background&quot;:&quot;classic&quot;}\">\n\t\t\t\t\t\t\t<div class=\"elementor-background-overlay\"><\/div>\n\t\t\t\t\t\t\t<div class=\"elementor-container elementor-column-gap-default\">\n\t\t\t\t\t<div class=\"elementor-column elementor-col-100 elementor-top-column elementor-element elementor-element-5e38f288\" data-id=\"5e38f288\" data-element_type=\"column\" data-e-type=\"column\">\n\t\t\t<div class=\"elementor-widget-wrap elementor-element-populated\">\n\t\t\t\t\t\t<section class=\"elementor-section elementor-inner-section elementor-element elementor-element-29068072 elementor-section-boxed elementor-section-height-default elementor-section-height-default\" data-id=\"29068072\" data-element_type=\"section\" data-e-type=\"section\">\n\t\t\t\t\t\t<div class=\"elementor-container elementor-column-gap-default\">\n\t\t\t\t\t<div class=\"elementor-column elementor-col-50 elementor-inner-column elementor-element elementor-element-cc8567a\" data-id=\"cc8567a\" data-element_type=\"column\" data-e-type=\"column\">\n\t\t\t<div class=\"elementor-widget-wrap elementor-element-populated\">\n\t\t\t\t\t\t<div class=\"elementor-element elementor-element-114b3b7 elementor-widget elementor-widget-spacer\" data-id=\"114b3b7\" data-element_type=\"widget\" data-e-type=\"widget\" data-widget_type=\"spacer.default\">\n\t\t\t\t<div class=\"elementor-widget-container\">\n\t\t\t\t\t\t\t<div class=\"elementor-spacer\">\n\t\t\t<div class=\"elementor-spacer-inner\"><\/div>\n\t\t<\/div>\n\t\t\t\t\t\t<\/div>\n\t\t\t\t<\/div>\n\t\t\t\t<div class=\"elementor-element elementor-element-553673cd elementor-widget elementor-widget-heading\" data-id=\"553673cd\" data-element_type=\"widget\" data-e-type=\"widget\" data-widget_type=\"heading.default\">\n\t\t\t\t<div class=\"elementor-widget-container\">\n\t\t\t\t\t<h1 class=\"elementor-heading-title elementor-size-default\">Contact us<\/h1>\t\t\t\t<\/div>\n\t\t\t\t<\/div>\n\t\t\t\t<div class=\"elementor-element elementor-element-2d4521e6 elementor-widget elementor-widget-spacer\" data-id=\"2d4521e6\" data-element_type=\"widget\" data-e-type=\"widget\" data-widget_type=\"spacer.default\">\n\t\t\t\t<div class=\"elementor-widget-container\">\n\t\t\t\t\t\t\t<div class=\"elementor-spacer\">\n\t\t\t<div class=\"elementor-spacer-inner\"><\/div>\n\t\t<\/div>\n\t\t\t\t\t\t<\/div>\n\t\t\t\t<\/div>\n\t\t\t\t\t<\/div>\n\t\t<\/div>\n\t\t\t\t<div class=\"elementor-column elementor-col-50 elementor-inner-column elementor-element elementor-element-25c52bb8\" data-id=\"25c52bb8\" data-element_type=\"column\" data-e-type=\"column\">\n\t\t\t<div class=\"elementor-widget-wrap elementor-element-populated\">\n\t\t\t\t\t\t<div class=\"elementor-element elementor-element-37200d65 elementor-widget elementor-widget-spacer\" data-id=\"37200d65\" data-element_type=\"widget\" data-e-type=\"widget\" data-widget_type=\"spacer.default\">\n\t\t\t\t<div class=\"elementor-widget-container\">\n\t\t\t\t\t\t\t<div class=\"elementor-spacer\">\n\t\t\t<div class=\"elementor-spacer-inner\"><\/div>\n\t\t<\/div>\n\t\t\t\t\t\t<\/div>\n\t\t\t\t<\/div>\n\t\t\t\t\t<\/div>\n\t\t<\/div>\n\t\t\t\t\t<\/div>\n\t\t<\/section>\n\t\t\t\t\t<\/div>\n\t\t<\/div>\n\t\t\t\t\t<\/div>\n\t\t<\/section>\n\t\t\t\t<section class=\"elementor-section elementor-top-section elementor-element elementor-element-7be3867 elementor-section-boxed elementor-section-height-default elementor-section-height-default\" data-id=\"7be3867\" data-element_type=\"section\" data-e-type=\"section\" data-settings=\"{&quot;background_background&quot;:&quot;classic&quot;}\">\n\t\t\t\t\t\t<div class=\"elementor-container elementor-column-gap-default\">\n\t\t\t\t\t<div class=\"elementor-column elementor-col-100 elementor-top-column elementor-element elementor-element-51b0d48\" data-id=\"51b0d48\" data-element_type=\"column\" data-e-type=\"column\" data-settings=\"{&quot;background_background&quot;:&quot;classic&quot;}\">\n\t\t\t<div class=\"elementor-widget-wrap elementor-element-populated\">\n\t\t\t\t\t\t<div class=\"elementor-element elementor-element-0b2a752 elementor-widget elementor-widget-text-editor\" data-id=\"0b2a752\" data-element_type=\"widget\" data-e-type=\"widget\" data-widget_type=\"text-editor.default\">\n\t\t\t\t<div class=\"elementor-widget-container\">\n\t\t\t\t\t\t\t\t\t<h4>Don\u2019t hesitate to contact us for help with any needs, big or small. We\u2019ll produce the right knife using your drawing or sample, or the part number of an existing knife or holder. And we\u2019re happy to come to you to assess your machine knife needs.\u00a0<a href=\"mailto:info@borin.se\" target=\"_blank\" rel=\"noopener\">info@borin.se<\/a>. Om ni har ritningar eller bilder, bifoga g\u00e4rna dessa med er f\u00f6rfr\u00e5gan. Vi tillverkar era knivar enligt era specifikationer. Beh\u00f6ver ni support eller hj\u00e4lp ring oss p\u00e5 +46(0)11-190630 s\u00e5 guidar vi er. Vi ser fram emot att h\u00f6ra av er!<\/h4>\t\t\t\t\t\t\t\t<\/div>\n\t\t\t\t<\/div>\n\t\t\t\t\t<\/div>\n\t\t<\/div>\n\t\t\t\t\t<\/div>\n\t\t<\/section>\n\t\t\t\t<section class=\"elementor-section elementor-top-section elementor-element elementor-element-fc32bed elementor-section-boxed elementor-section-height-default elementor-section-height-default\" data-id=\"fc32bed\" data-element_type=\"section\" data-e-type=\"section\" data-settings=\"{&quot;background_background&quot;:&quot;classic&quot;}\">\n\t\t\t\t\t\t<div class=\"elementor-container elementor-column-gap-default\">\n\t\t\t\t\t<div class=\"elementor-column elementor-col-50 elementor-top-column elementor-element elementor-element-e0a0ea1\" data-id=\"e0a0ea1\" data-element_type=\"column\" data-e-type=\"column\">\n\t\t\t<div class=\"elementor-widget-wrap elementor-element-populated\">\n\t\t\t\t\t\t<div class=\"elementor-element elementor-element-049c199 elementor-widget elementor-widget-text-editor\" data-id=\"049c199\" data-element_type=\"widget\" data-e-type=\"widget\" data-widget_type=\"text-editor.default\">\n\t\t\t\t<div class=\"elementor-widget-container\">\n\t\t\t\t\t\t\t\t\t<p><strong>F\u00f6rs\u00e4ljning och teknisk support<br><\/strong>Petrus Edstr\u00f6m (Tekniska fr\u00e5gor och f\u00f6rs\u00e4ljning)<br>Mail:&nbsp;<a href=\"mailto:pe@borin.se\">pe@borin.se<\/a>&nbsp; Tel: +46- 070 9474481<\/p>\n<p>Christoffer Ejebring (Tekniska fr\u00e5gor och f\u00f6rs\u00e4ljning)<br>Mail: ce<a href=\"mailto:fk@borin.se\" style=\"--linkdeco: none;\">@borin.se<\/a>&nbsp;Tel: +46-073 4428141&nbsp;<\/p>\n<p>Saga Svensk&nbsp;<br>Mail: ss<a href=\"mailto:fk@borin.se\">@borin.se<\/a>&nbsp;Tel: +46- 070 5132229<\/p>\n<p>Johan Wiberg<br>Mail:&nbsp;<a href=\"mailto:jw@borin.se\">jw@borin.se<\/a>&nbsp;Tel: +46- 070 9678565<\/p>\n<p>Magnus Turesson (Industrirakblad)<br>Mail:&nbsp;<a href=\"mailto:mt@borin.se\">mt@borin.se<\/a>&nbsp;Tel: +46- 070 7594615<\/p>\n<p><strong>Customer service and orders<br><\/strong>Mail :&nbsp;<a href=\"mailto:info@borin.se\">info@borin.se<\/a>&nbsp;Tel: +46-011 190630<\/p>\n<p><strong>Logistics and administration&nbsp;<br><\/strong>Thomas Svensson<br>Mail:&nbsp;<a href=\"mailto:ts@borin.se\">ts@borin.se<\/a>&nbsp;Tel: +46-070 7594645<\/p>\n<p><strong>Invoice questions<br><\/strong>invoice@borin.se Tel: +46-011 190630<\/p>\n<p><strong>VD<br><\/strong>Rebecca Wiberg Borin<br>Mail:&nbsp;<a href=\"mailto:ts@borin.se\">rb@borin.se<\/a>&nbsp;<\/p>\t\t\t\t\t\t\t\t<\/div>\n\t\t\t\t<\/div>\n\t\t\t\t<div class=\"elementor-element elementor-element-6c39304 elementor-widget elementor-widget-text-editor\" data-id=\"6c39304\" data-element_type=\"widget\" data-e-type=\"widget\" data-widget_type=\"text-editor.default\">\n\t\t\t\t<div class=\"elementor-widget-container\">\n\t\t\t\t\t\t\t\t\t<p>Feel free to take a look at our other websites <strong><a href=\"https:\/\/www.borin.se\/\">Borin.se<\/a><\/strong> and <strong><a href=\"https:\/\/sakerhetsknivar.se\/\">sakerhetsknivar.se<\/a><\/strong><\/p>\t\t\t\t\t\t\t\t<\/div>\n\t\t\t\t<\/div>\n\t\t\t\t\t<\/div>\n\t\t<\/div>\n\t\t\t\t<div class=\"elementor-column elementor-col-50 elementor-top-column elementor-element elementor-element-03267cb\" data-id=\"03267cb\" data-element_type=\"column\" data-e-type=\"column\" data-settings=\"{&quot;background_background&quot;:&quot;classic&quot;}\">\n\t\t\t<div class=\"elementor-widget-wrap elementor-element-populated\">\n\t\t\t\t\t\t<div class=\"elementor-element elementor-element-c358434 elementor-widget elementor-widget-text-editor\" data-id=\"c358434\" data-element_type=\"widget\" data-e-type=\"widget\" data-widget_type=\"text-editor.default\">\n\t\t\t\t<div class=\"elementor-widget-container\">\n\t\t\t\t\t\t\t\t\t\n<div class=\"wpcf7 no-js\" id=\"wpcf7-f128-o1\" lang=\"sv-SE\" dir=\"ltr\" data-wpcf7-id=\"128\">\n<div class=\"screen-reader-response\"><p role=\"status\" aria-live=\"polite\" aria-atomic=\"true\"><\/p> <ul><\/ul><\/div>\n<form action=\"\/en\/wp-json\/wp\/v2\/pages\/10#wpcf7-f128-o1\" method=\"post\" class=\"wpcf7-form init\" aria-label=\"Kontaktformul\u00e4r\" novalidate=\"novalidate\" data-status=\"init\" data-trp-original-action=\"\/en\/wp-json\/wp\/v2\/pages\/10#wpcf7-f128-o1\">\n<fieldset class=\"hidden-fields-container\"><input type=\"hidden\" name=\"_wpcf7\" value=\"128\" \/><input type=\"hidden\" name=\"_wpcf7_version\" value=\"6.1.5\" \/><input type=\"hidden\" name=\"_wpcf7_locale\" value=\"sv_SE\" \/><input type=\"hidden\" name=\"_wpcf7_unit_tag\" value=\"wpcf7-f128-o1\" \/><input type=\"hidden\" name=\"_wpcf7_container_post\" value=\"0\" \/><input type=\"hidden\" name=\"_wpcf7_posted_data_hash\" value=\"\" \/>\n<\/fieldset>\n<p><label> Ditt namn<br \/>\n<span class=\"wpcf7-form-control-wrap\" data-name=\"your-name\"><input size=\"40\" maxlength=\"400\" class=\"wpcf7-form-control wpcf7-text wpcf7-validates-as-required\" aria-required=\"true\" aria-invalid=\"false\" value=\"\" type=\"text\" name=\"your-name\" \/><\/span> <\/label>\n<\/p>\n<p><label> Din e-post<br \/>\n<span class=\"wpcf7-form-control-wrap\" data-name=\"your-email\"><input size=\"40\" maxlength=\"400\" class=\"wpcf7-form-control wpcf7-email wpcf7-validates-as-required wpcf7-text wpcf7-validates-as-email\" aria-required=\"true\" aria-invalid=\"false\" value=\"\" type=\"email\" name=\"your-email\" \/><\/span> <\/label>\n<\/p>\n<p><label> \u00c4mne<br \/>\n<span class=\"wpcf7-form-control-wrap\" data-name=\"your-subject\"><input size=\"40\" maxlength=\"400\" class=\"wpcf7-form-control wpcf7-text wpcf7-validates-as-required\" aria-required=\"true\" aria-invalid=\"false\" value=\"\" type=\"text\" name=\"your-subject\" \/><\/span> <\/label>\n<\/p>\n<p><label> Ditt meddelande (valfritt)<br \/>\n<span class=\"wpcf7-form-control-wrap\" data-name=\"your-message\"><textarea cols=\"40\" rows=\"10\" maxlength=\"2000\" class=\"wpcf7-form-control wpcf7-textarea\" aria-invalid=\"false\" name=\"your-message\"><\/textarea><\/span> <\/label>\n<\/p>\n<p><input class=\"wpcf7-form-control wpcf7-submit has-spinner\" type=\"submit\" value=\"Skicka\" \/>\n<\/p><div class=\"wpcf7-response-output\" aria-hidden=\"true\"><\/div>\n<input type=\"hidden\" name=\"trp-form-language\" value=\"en\"\/><\/form>\n<\/div>\n\t\t\t\t\t\t\t\t<\/div>\n\t\t\t\t<\/div>\n\t\t\t\t\t<\/div>\n\t\t<\/div>\n\t\t\t\t\t<\/div>\n\t\t<\/section>\n\t\t\t\t<\/div>","protected":false},"excerpt":{"rendered":"<p>Kontakta oss V\u00e4lkommen med er f\u00f6rfr\u00e5gan eller order till v\u00e5r ordermail\u00a0info@borin.se. Om ni har ritningar eller bilder, bifoga g\u00e4rna dessa med er f\u00f6rfr\u00e5gan. Vi tillverkar era knivar enligt era specifikationer. Beh\u00f6ver ni support eller hj\u00e4lp ring oss p\u00e5 +46(0)11-190630 s\u00e5 guidar vi er. Vi ser fram emot att h\u00f6ra av er! F\u00f6rs\u00e4ljning och teknisk supportPetrus&hellip;&nbsp;<\/p>","protected":false},"author":1,"featured_media":26,"parent":0,"menu_order":0,"comment_status":"closed","ping_status":"closed","template":"elementor_header_footer","meta":{"_monsterinsights_skip_tracking":false,"_monsterinsights_sitenote_active":false,"_monsterinsights_sitenote_note":"","_monsterinsights_sitenote_category":0,"neve_meta_sidebar":"","neve_meta_container":"","neve_meta_enable_content_width":"","neve_meta_content_width":0,"neve_meta_title_alignment":"","neve_meta_author_avatar":"","neve_post_elements_order":"","neve_meta_disable_header":"","neve_meta_disable_footer":"","neve_meta_disable_title":"","footnotes":""},"class_list":["post-10","page","type-page","status-publish","has-post-thumbnail","hentry"],"yoast_head":"<!-- This site is optimized with the Yoast SEO plugin v27.5 - https:\/\/yoast.com\/product\/yoast-seo-wordpress\/ -->\n<title>Kontakta oss - Borinmachineknives<\/title>\n<meta name=\"description\" content=\"Kontakta oss-V\u00e4lkommen med er f\u00f6rfr\u00e5gan eller order till v\u00e5r ordermail info@borin.se och beh\u00f6ver ni support eller hj\u00e4lp s\u00e5 ring bara!\" \/>\n<meta name=\"robots\" content=\"index, follow, max-snippet:-1, max-image-preview:large, max-video-preview:-1\" \/>\n<link rel=\"canonical\" href=\"https:\/\/borinmachineknives.se\/en\/kontakta-oss\/\" \/>\n<meta property=\"og:locale\" content=\"en_GB\" \/>\n<meta property=\"og:type\" content=\"article\" \/>\n<meta property=\"og:title\" content=\"Kontakta oss - Borinmachineknives\" \/>\n<meta property=\"og:description\" content=\"Kontakta oss-V\u00e4lkommen med er f\u00f6rfr\u00e5gan eller order till v\u00e5r ordermail info@borin.se och beh\u00f6ver ni support eller hj\u00e4lp s\u00e5 ring bara!\" \/>\n<meta property=\"og:url\" content=\"https:\/\/borinmachineknives.se\/en\/kontakta-oss\/\" \/>\n<meta property=\"og:site_name\" content=\"Borinmachineknives\" \/>\n<meta property=\"article:modified_time\" content=\"2025-01-09T13:31:44+00:00\" \/>\n<meta property=\"og:image\" content=\"https:\/\/borinmachineknives.se\/wp-content\/uploads\/2022\/02\/Borin-machinknifs.jpg\" \/>\n\t<meta property=\"og:image:width\" content=\"2560\" \/>\n\t<meta property=\"og:image:height\" content=\"1440\" \/>\n\t<meta property=\"og:image:type\" content=\"image\/jpeg\" \/>\n<meta name=\"twitter:card\" content=\"summary_large_image\" \/>\n<meta name=\"twitter:label1\" content=\"Estimated reading time\" \/>\n\t<meta name=\"twitter:data1\" content=\"1 minute\" \/>\n<script type=\"application\/ld+json\" class=\"yoast-schema-graph\">{\"@context\":\"https:\\\/\\\/schema.org\",\"@graph\":[{\"@type\":\"WebPage\",\"@id\":\"https:\\\/\\\/borinmachineknives.se\\\/kontakta-oss\\\/\",\"url\":\"https:\\\/\\\/borinmachineknives.se\\\/kontakta-oss\\\/\",\"name\":\"Kontakta oss - Borinmachineknives\",\"isPartOf\":{\"@id\":\"https:\\\/\\\/borinmachineknives.se\\\/#website\"},\"primaryImageOfPage\":{\"@id\":\"https:\\\/\\\/borinmachineknives.se\\\/kontakta-oss\\\/#primaryimage\"},\"image\":{\"@id\":\"https:\\\/\\\/borinmachineknives.se\\\/kontakta-oss\\\/#primaryimage\"},\"thumbnailUrl\":\"https:\\\/\\\/borinmachineknives.se\\\/wp-content\\\/uploads\\\/2022\\\/02\\\/Borin-machinknifs.jpg\",\"datePublished\":\"2022-02-21T11:29:17+00:00\",\"dateModified\":\"2025-01-09T13:31:44+00:00\",\"description\":\"Kontakta oss-V\u00e4lkommen med er f\u00f6rfr\u00e5gan eller order till v\u00e5r ordermail info@borin.se och beh\u00f6ver ni support eller hj\u00e4lp s\u00e5 ring bara!\",\"breadcrumb\":{\"@id\":\"https:\\\/\\\/borinmachineknives.se\\\/kontakta-oss\\\/#breadcrumb\"},\"inLanguage\":\"en-GB\",\"potentialAction\":[{\"@type\":\"ReadAction\",\"target\":[\"https:\\\/\\\/borinmachineknives.se\\\/kontakta-oss\\\/\"]}]},{\"@type\":\"ImageObject\",\"inLanguage\":\"en-GB\",\"@id\":\"https:\\\/\\\/borinmachineknives.se\\\/kontakta-oss\\\/#primaryimage\",\"url\":\"https:\\\/\\\/borinmachineknives.se\\\/wp-content\\\/uploads\\\/2022\\\/02\\\/Borin-machinknifs.jpg\",\"contentUrl\":\"https:\\\/\\\/borinmachineknives.se\\\/wp-content\\\/uploads\\\/2022\\\/02\\\/Borin-machinknifs.jpg\",\"width\":2560,\"height\":1440,\"caption\":\"kontakta oss\"},{\"@type\":\"BreadcrumbList\",\"@id\":\"https:\\\/\\\/borinmachineknives.se\\\/kontakta-oss\\\/#breadcrumb\",\"itemListElement\":[{\"@type\":\"ListItem\",\"position\":1,\"name\":\"Hem\",\"item\":\"https:\\\/\\\/borinmachineknives.se\\\/\"},{\"@type\":\"ListItem\",\"position\":2,\"name\":\"Kontakta oss\"}]},{\"@type\":\"WebSite\",\"@id\":\"https:\\\/\\\/borinmachineknives.se\\\/#website\",\"url\":\"https:\\\/\\\/borinmachineknives.se\\\/\",\"name\":\"Borinmachineknives\",\"description\":\"Proffs p\u00e5 maskinknivar sedan 1977\",\"potentialAction\":[{\"@type\":\"SearchAction\",\"target\":{\"@type\":\"EntryPoint\",\"urlTemplate\":\"https:\\\/\\\/borinmachineknives.se\\\/?s={search_term_string}\"},\"query-input\":{\"@type\":\"PropertyValueSpecification\",\"valueRequired\":true,\"valueName\":\"search_term_string\"}}],\"inLanguage\":\"en-GB\"}]}<\/script>\n<!-- \/ Yoast SEO plugin. -->","yoast_head_json":{"title":"Kontakta oss - Borinmachineknives","description":"Kontakta oss-V\u00e4lkommen med er f\u00f6rfr\u00e5gan eller order till v\u00e5r ordermail info@borin.se och beh\u00f6ver ni support eller hj\u00e4lp s\u00e5 ring bara!","robots":{"index":"index","follow":"follow","max-snippet":"max-snippet:-1","max-image-preview":"max-image-preview:large","max-video-preview":"max-video-preview:-1"},"canonical":"https:\/\/borinmachineknives.se\/en\/kontakta-oss\/","og_locale":"en_GB","og_type":"article","og_title":"Kontakta oss - Borinmachineknives","og_description":"Kontakta oss-V\u00e4lkommen med er f\u00f6rfr\u00e5gan eller order till v\u00e5r ordermail info@borin.se och beh\u00f6ver ni support eller hj\u00e4lp s\u00e5 ring bara!","og_url":"https:\/\/borinmachineknives.se\/en\/kontakta-oss\/","og_site_name":"Borinmachineknives","article_modified_time":"2025-01-09T13:31:44+00:00","og_image":[{"width":2560,"height":1440,"url":"https:\/\/borinmachineknives.se\/wp-content\/uploads\/2022\/02\/Borin-machinknifs.jpg","type":"image\/jpeg"}],"twitter_card":"summary_large_image","twitter_misc":{"Estimated reading time":"1 minute"},"schema":{"@context":"https:\/\/schema.org","@graph":[{"@type":"WebPage","@id":"https:\/\/borinmachineknives.se\/kontakta-oss\/","url":"https:\/\/borinmachineknives.se\/kontakta-oss\/","name":"Kontakta oss - Borinmachineknives","isPartOf":{"@id":"https:\/\/borinmachineknives.se\/#website"},"primaryImageOfPage":{"@id":"https:\/\/borinmachineknives.se\/kontakta-oss\/#primaryimage"},"image":{"@id":"https:\/\/borinmachineknives.se\/kontakta-oss\/#primaryimage"},"thumbnailUrl":"https:\/\/borinmachineknives.se\/wp-content\/uploads\/2022\/02\/Borin-machinknifs.jpg","datePublished":"2022-02-21T11:29:17+00:00","dateModified":"2025-01-09T13:31:44+00:00","description":"Kontakta oss-V\u00e4lkommen med er f\u00f6rfr\u00e5gan eller order till v\u00e5r ordermail info@borin.se och beh\u00f6ver ni support eller hj\u00e4lp s\u00e5 ring bara!","breadcrumb":{"@id":"https:\/\/borinmachineknives.se\/kontakta-oss\/#breadcrumb"},"inLanguage":"en-GB","potentialAction":[{"@type":"ReadAction","target":["https:\/\/borinmachineknives.se\/kontakta-oss\/"]}]},{"@type":"ImageObject","inLanguage":"en-GB","@id":"https:\/\/borinmachineknives.se\/kontakta-oss\/#primaryimage","url":"https:\/\/borinmachineknives.se\/wp-content\/uploads\/2022\/02\/Borin-machinknifs.jpg","contentUrl":"https:\/\/borinmachineknives.se\/wp-content\/uploads\/2022\/02\/Borin-machinknifs.jpg","width":2560,"height":1440,"caption":"kontakta oss"},{"@type":"BreadcrumbList","@id":"https:\/\/borinmachineknives.se\/kontakta-oss\/#breadcrumb","itemListElement":[{"@type":"ListItem","position":1,"name":"Hem","item":"https:\/\/borinmachineknives.se\/"},{"@type":"ListItem","position":2,"name":"Kontakta oss"}]},{"@type":"WebSite","@id":"https:\/\/borinmachineknives.se\/#website","url":"https:\/\/borinmachineknives.se\/","name":"Borinmachineknives","description":"Machine Knives Made for Your Business Needs","potentialAction":[{"@type":"SearchAction","target":{"@type":"EntryPoint","urlTemplate":"https:\/\/borinmachineknives.se\/?s={search_term_string}"},"query-input":{"@type":"PropertyValueSpecification","valueRequired":true,"valueName":"search_term_string"}}],"inLanguage":"en-GB"}]}},"_links":{"self":[{"href":"https:\/\/borinmachineknives.se\/en\/wp-json\/wp\/v2\/pages\/10","targetHints":{"allow":["GET"]}}],"collection":[{"href":"https:\/\/borinmachineknives.se\/en\/wp-json\/wp\/v2\/pages"}],"about":[{"href":"https:\/\/borinmachineknives.se\/en\/wp-json\/wp\/v2\/types\/page"}],"author":[{"embeddable":true,"href":"https:\/\/borinmachineknives.se\/en\/wp-json\/wp\/v2\/users\/1"}],"replies":[{"embeddable":true,"href":"https:\/\/borinmachineknives.se\/en\/wp-json\/wp\/v2\/comments?post=10"}],"version-history":[{"count":6,"href":"https:\/\/borinmachineknives.se\/en\/wp-json\/wp\/v2\/pages\/10\/revisions"}],"predecessor-version":[{"id":4237,"href":"https:\/\/borinmachineknives.se\/en\/wp-json\/wp\/v2\/pages\/10\/revisions\/4237"}],"wp:featuredmedia":[{"embeddable":true,"href":"https:\/\/borinmachineknives.se\/en\/wp-json\/wp\/v2\/media\/26"}],"wp:attachment":[{"href":"https:\/\/borinmachineknives.se\/en\/wp-json\/wp\/v2\/media?parent=10"}],"curies":[{"name":"wp","href":"https:\/\/api.w.org\/{rel}","templated":true}]}}